{"id":4626,"date":"2025-04-21T10:02:21","date_gmt":"2025-04-21T08:02:21","guid":{"rendered":"https:\/\/dogtastic.ch\/newsite\/?page_id=4626"},"modified":"2025-04-21T10:19:29","modified_gmt":"2025-04-21T08:19:29","slug":"impressum","status":"publish","type":"page","link":"https:\/\/dogtastic.ch\/fr\/impressum\/","title":{"rendered":"Mentions l\u00e9gales"},"content":{"rendered":"<div data-elementor-type=\"wp-page\" data-elementor-id=\"4626\" class=\"elementor elementor-4626\" data-elementor-post-type=\"page\">\n\t\t\t\t\t\t<section class=\"elementor-section elementor-top-section elementor-element elementor-element-597540db elementor-section-height-min-height elementor-section-boxed elementor-section-height-default elementor-section-items-middle\" data-id=\"597540db\" data-element_type=\"section\" data-e-type=\"section\">\n\t\t\t\t\t\t<div class=\"elementor-container elementor-column-gap-default\">\n\t\t\t\t\t<div class=\"elementor-column elementor-col-50 elementor-top-column elementor-element elementor-element-11df4ac2\" data-id=\"11df4ac2\" data-element_type=\"column\" data-e-type=\"column\">\n\t\t\t<div class=\"elementor-widget-wrap elementor-element-populated\">\n\t\t\t\t\t\t<div class=\"elementor-element elementor-element-5d0e179c elementor-widget elementor-widget-heading\" data-id=\"5d0e179c\" data-element_type=\"widget\" data-e-type=\"widget\" data-widget_type=\"heading.default\">\n\t\t\t\t\t<h1 class=\"elementor-heading-title elementor-size-default\">Mentions l\u00e9gales<\/h1>\t\t\t\t<\/div>\n\t\t\t\t<div class=\"elementor-element elementor-element-3eda083a elementor-widget elementor-widget-text-editor\" data-id=\"3eda083a\" data-element_type=\"widget\" data-e-type=\"widget\" data-widget_type=\"text-editor.default\">\n\t\t\t\t\t\t\t\t\t<p>Dogtastic \u2013 Hundeferien- und Tagesbetreuung in Grandsivaz \u2013 Montagny<\/p>\t\t\t\t\t\t\t\t<\/div>\n\t\t\t\t\t<\/div>\n\t\t<\/div>\n\t\t\t\t<div class=\"elementor-column elementor-col-50 elementor-top-column elementor-element elementor-element-2e6183fa elementor-hidden-phone\" data-id=\"2e6183fa\" data-element_type=\"column\" data-e-type=\"column\">\n\t\t\t<div class=\"elementor-widget-wrap\">\n\t\t\t\t\t\t\t<\/div>\n\t\t<\/div>\n\t\t\t\t\t<\/div>\n\t\t<\/section>\n\t\t<div class=\"elementor-element elementor-element-19f65d4 e-flex e-con-boxed e-con e-parent\" data-id=\"19f65d4\" data-element_type=\"container\" data-e-type=\"container\">\n\t\t\t\t\t<div class=\"e-con-inner\">\n\t\t\t\t<div class=\"elementor-element elementor-element-5d067a1 elementor-widget elementor-widget-heading\" data-id=\"5d067a1\" data-element_type=\"widget\" data-e-type=\"widget\" data-widget_type=\"heading.default\">\n\t\t\t\t\t<h2 class=\"elementor-heading-title elementor-size-default\">Kontakt-Adresse<\/h2>\t\t\t\t<\/div>\n\t\t\t\t<div class=\"elementor-element elementor-element-e0078cf elementor-widget elementor-widget-text-editor\" data-id=\"e0078cf\" data-element_type=\"widget\" data-e-type=\"widget\" data-widget_type=\"text-editor.default\">\n\t\t\t\t\t\t\t\t\t<p>Dogtastic S\u00e0rl<br \/>Route de Fribourg 36<br \/>1775 Grandsivaz<br \/>Schweiz<\/p><p>E-Mail:<br \/><a href=\"mailto:info@dogtastic.ch\">info@dogtastic.ch<\/a><\/p>\t\t\t\t\t\t\t\t<\/div>\n\t\t\t\t\t<\/div>\n\t\t\t\t<\/div>\n\t\t<div class=\"elementor-element elementor-element-344bb55 e-flex e-con-boxed e-con e-parent\" data-id=\"344bb55\" data-element_type=\"container\" data-e-type=\"container\">\n\t\t\t\t\t<div class=\"e-con-inner\">\n\t\t\t\t<div class=\"elementor-element elementor-element-f772a66 elementor-widget elementor-widget-heading\" data-id=\"f772a66\" data-element_type=\"widget\" data-e-type=\"widget\" data-widget_type=\"heading.default\">\n\t\t\t\t\t<h2 class=\"elementor-heading-title elementor-size-default\">Vertretungsberechtigte Person(en)<\/h2>\t\t\t\t<\/div>\n\t\t\t\t<div class=\"elementor-element elementor-element-6b12d43 elementor-widget elementor-widget-text-editor\" data-id=\"6b12d43\" data-element_type=\"widget\" data-e-type=\"widget\" data-widget_type=\"text-editor.default\">\n\t\t\t\t\t\t\t\t\t<p>Andrea Gloor Pr\u00e4sidentin, Gesch\u00e4ftsleitung <br \/>Thomas H\u00f6pfner, Gesch\u00e4ftsleitung<\/p>\t\t\t\t\t\t\t\t<\/div>\n\t\t\t\t\t<\/div>\n\t\t\t\t<\/div>\n\t\t<div class=\"elementor-element elementor-element-6218fc4 e-flex e-con-boxed e-con e-parent\" data-id=\"6218fc4\" data-element_type=\"container\" data-e-type=\"container\">\n\t\t\t\t\t<div class=\"e-con-inner\">\n\t\t\t\t<div class=\"elementor-element elementor-element-8e5b2e1 elementor-widget elementor-widget-heading\" data-id=\"8e5b2e1\" data-element_type=\"widget\" data-e-type=\"widget\" data-widget_type=\"heading.default\">\n\t\t\t\t\t<h2 class=\"elementor-heading-title elementor-size-default\">Handelsregister-Eintrag<\/h2>\t\t\t\t<\/div>\n\t\t\t\t<div class=\"elementor-element elementor-element-492fcc7 elementor-widget elementor-widget-text-editor\" data-id=\"492fcc7\" data-element_type=\"widget\" data-e-type=\"widget\" data-widget_type=\"text-editor.default\">\n\t\t\t\t\t\t\t\t\t<p>Eingetragener Firmenname:<br \/><strong>Dogtastic S\u00e0rl<\/strong><\/p><p>Unternehmens-Nr (UID):<br \/><strong>CHE-280.918.207<\/strong><\/p><p>Mehrwertsteuer-Nummer<br \/><strong>CHE-280.918.207 MWST<\/strong><\/p>\t\t\t\t\t\t\t\t<\/div>\n\t\t\t\t\t<\/div>\n\t\t\t\t<\/div>\n\t\t<div class=\"elementor-element elementor-element-88346d6 e-flex e-con-boxed e-con e-parent\" data-id=\"88346d6\" data-element_type=\"container\" data-e-type=\"container\">\n\t\t\t\t\t<div class=\"e-con-inner\">\n\t\t\t\t<div class=\"elementor-element elementor-element-dd3a62c elementor-widget elementor-widget-heading\" data-id=\"dd3a62c\" data-element_type=\"widget\" data-e-type=\"widget\" data-widget_type=\"heading.default\">\n\t\t\t\t\t<h2 class=\"elementor-heading-title elementor-size-default\">Haftungsausschluss<\/h2>\t\t\t\t<\/div>\n\t\t\t\t<div class=\"elementor-element elementor-element-7cb323a elementor-widget elementor-widget-text-editor\" data-id=\"7cb323a\" data-element_type=\"widget\" data-e-type=\"widget\" data-widget_type=\"text-editor.default\">\n\t\t\t\t\t\t\t\t\t<p>Der Autor \u00fcbernimmt keinerlei Gew\u00e4hr hinsichtlich der inhaltlichen Richtigkeit, Genauigkeit, Aktualit\u00e4t, Zuverl\u00e4ssigkeit und Vollst\u00e4ndigkeit der Informationen.<\/p><p>Haftungsanspr\u00fcche gegen den Autor wegen Sch\u00e4den materieller oder immaterieller Art, welche aus dem Zugriff oder der Nutzung bzw. Nichtnutzung der ver\u00f6ffentlichten Informationen, durch Missbrauch der Verbindung oder durch technische St\u00f6rungen entstanden sind, werden ausgeschlossen.<\/p><p>Alle Angebote sind unverbindlich. Der Autor beh\u00e4lt es sich ausdr\u00fccklich vor, Teile der Seiten oder das gesamte Angebot ohne besondere Ank\u00fcndigung zu ver\u00e4ndern, zu erg\u00e4nzen, zu l\u00f6schen oder die Ver\u00f6ffentlichung zeitweise oder endg\u00fcltig einzustellen.<\/p>\t\t\t\t\t\t\t\t<\/div>\n\t\t\t\t\t<\/div>\n\t\t\t\t<\/div>\n\t\t<div class=\"elementor-element elementor-element-a7f87f4 e-flex e-con-boxed e-con e-parent\" data-id=\"a7f87f4\" data-element_type=\"container\" data-e-type=\"container\">\n\t\t\t\t\t<div class=\"e-con-inner\">\n\t\t\t\t<div class=\"elementor-element elementor-element-979a51b elementor-widget elementor-widget-heading\" data-id=\"979a51b\" data-element_type=\"widget\" data-e-type=\"widget\" data-widget_type=\"heading.default\">\n\t\t\t\t\t<h2 class=\"elementor-heading-title elementor-size-default\">Haftungsausschluss f\u00fcr Links<\/h2>\t\t\t\t<\/div>\n\t\t\t\t<div class=\"elementor-element elementor-element-00fa1f2 elementor-widget elementor-widget-text-editor\" data-id=\"00fa1f2\" data-element_type=\"widget\" data-e-type=\"widget\" data-widget_type=\"text-editor.default\">\n\t\t\t\t\t\t\t\t\t<p>Verweise und Links auf Webseiten Dritter liegen ausserhalb unseres Verantwortungsbereichs. Es wird jegliche Verantwortung f\u00fcr solche Webseiten abgelehnt. Der Zugriff und die Nutzung solcher Webseiten erfolgen auf eigene Gefahr des jeweiligen Nutzers.<\/p>\t\t\t\t\t\t\t\t<\/div>\n\t\t\t\t\t<\/div>\n\t\t\t\t<\/div>\n\t\t<div class=\"elementor-element elementor-element-9f49091 e-flex e-con-boxed e-con e-parent\" data-id=\"9f49091\" data-element_type=\"container\" data-e-type=\"container\">\n\t\t\t\t\t<div class=\"e-con-inner\">\n\t\t\t\t<div class=\"elementor-element elementor-element-7be490b elementor-widget elementor-widget-heading\" data-id=\"7be490b\" data-element_type=\"widget\" data-e-type=\"widget\" data-widget_type=\"heading.default\">\n\t\t\t\t\t<h2 class=\"elementor-heading-title elementor-size-default\">Urheberrechte<\/h2>\t\t\t\t<\/div>\n\t\t\t\t<div class=\"elementor-element elementor-element-099f6fc elementor-widget elementor-widget-text-editor\" data-id=\"099f6fc\" data-element_type=\"widget\" data-e-type=\"widget\" data-widget_type=\"text-editor.default\">\n\t\t\t\t\t\t\t\t\t<p>Die Urheber- und alle anderen Rechte an Inhalten, Bildern, Fotos oder anderen Dateien auf dieser Website, geh\u00f6ren ausschliesslich Andrea Gloor oder den speziell genannten Rechteinhabern. F\u00fcr die Reproduktion jeglicher Elemente ist die schriftliche Zustimmung des Urheberrechtstr\u00e4gers im Voraus einzuholen.<\/p>\t\t\t\t\t\t\t\t<\/div>\n\t\t\t\t\t<\/div>\n\t\t\t\t<\/div>\n\t\t<div class=\"elementor-element elementor-element-7f49c06 e-flex e-con-boxed e-con e-parent\" data-id=\"7f49c06\" data-element_type=\"container\" data-e-type=\"container\">\n\t\t\t\t\t<div class=\"e-con-inner\">\n\t\t\t\t<div class=\"elementor-element elementor-element-a002116 elementor-widget elementor-widget-text-editor\" data-id=\"a002116\" data-element_type=\"widget\" data-e-type=\"widget\" data-widget_type=\"text-editor.default\">\n\t\t\t\t\t\t\t\t\t<p>Quelle: <a href=\"https:\/\/web.archive.org\/web\/20240529023942\/https:\/\/www.swissanwalt.ch\/\" target=\"_blank\" rel=\"noopener\">SwissAnwalt<\/a><\/p>\t\t\t\t\t\t\t\t<\/div>\n\t\t\t\t\t<\/div>\n\t\t\t\t<\/div>\n\t\t\t\t<\/div>","protected":false},"excerpt":{"rendered":"<p>Impressum Dogtastic \u2013 Hundeferien- und Tagesbetreuung in Grandsivaz \u2013 Montagny Kontakt-Adresse Dogtastic S\u00e0rlRoute de Fribourg 361775 GrandsivazSchweiz E-Mail:info@dogtastic.ch Vertretungsberechtigte Person(en) Andrea Gloor Pr\u00e4sidentin, Gesch\u00e4ftsleitung Thomas H\u00f6pfner, Gesch\u00e4ftsleitung Handelsregister-Eintrag Eingetragener Firmenname:Dogtastic S\u00e0rl Unternehmens-Nr (UID):CHE-280.918.207 Mehrwertsteuer-NummerCHE-280.918.207 MWST Haftungsausschluss Der Autor \u00fcbernimmt keinerlei Gew\u00e4hr hinsichtlich der inhaltlichen Richtigkeit, Genauigkeit, Aktualit\u00e4t, Zuverl\u00e4ssigkeit und Vollst\u00e4ndigkeit der Informationen. Haftungsanspr\u00fcche gegen den [&hellip;]<\/p>\n","protected":false},"author":1,"featured_media":0,"parent":0,"menu_order":0,"comment_status":"closed","ping_status":"closed","template":"","meta":{"footnotes":""},"class_list":["post-4626","page","type-page","status-publish","hentry"],"yoast_head":"<!-- This site is optimized with the Yoast SEO plugin v27.6 - https:\/\/yoast.com\/product\/yoast-seo-wordpress\/ -->\n<title>Impressum - Dogtastic<\/title>\n<meta name=\"robots\" content=\"index, follow, max-snippet:-1, max-image-preview:large, max-video-preview:-1\" \/>\n<link rel=\"canonical\" href=\"https:\/\/dogtastic.ch\/fr\/impressum\/\" \/>\n<meta property=\"og:locale\" content=\"fr_FR\" \/>\n<meta property=\"og:type\" content=\"article\" \/>\n<meta property=\"og:title\" content=\"Impressum - Dogtastic\" \/>\n<meta property=\"og:description\" content=\"Impressum Dogtastic \u2013 Hundeferien- und Tagesbetreuung in Grandsivaz \u2013 Montagny Kontakt-Adresse Dogtastic S\u00e0rlRoute de Fribourg 361775 GrandsivazSchweiz E-Mail:info@dogtastic.ch Vertretungsberechtigte Person(en) Andrea Gloor Pr\u00e4sidentin, Gesch\u00e4ftsleitung Thomas H\u00f6pfner, Gesch\u00e4ftsleitung Handelsregister-Eintrag Eingetragener Firmenname:Dogtastic S\u00e0rl Unternehmens-Nr (UID):CHE-280.918.207 Mehrwertsteuer-NummerCHE-280.918.207 MWST Haftungsausschluss Der Autor \u00fcbernimmt keinerlei Gew\u00e4hr hinsichtlich der inhaltlichen Richtigkeit, Genauigkeit, Aktualit\u00e4t, Zuverl\u00e4ssigkeit und Vollst\u00e4ndigkeit der Informationen. Haftungsanspr\u00fcche gegen den [&hellip;]\" \/>\n<meta property=\"og:url\" content=\"https:\/\/dogtastic.ch\/fr\/impressum\/\" \/>\n<meta property=\"og:site_name\" content=\"Dogtastic\" \/>\n<meta property=\"article:publisher\" content=\"https:\/\/www.facebook.com\/dogtastic.ch\" \/>\n<meta property=\"article:modified_time\" content=\"2025-04-21T08:19:29+00:00\" \/>\n<meta property=\"og:image\" content=\"https:\/\/dogtastic.ch\/wp-content\/uploads\/2025\/04\/dogtastic-hunde-Tagesbetreuung-44.jpg\" \/>\n\t<meta property=\"og:image:width\" content=\"1440\" \/>\n\t<meta property=\"og:image:height\" content=\"1920\" \/>\n\t<meta property=\"og:image:type\" content=\"image\/jpeg\" \/>\n<meta name=\"twitter:card\" content=\"summary_large_image\" \/>\n<meta name=\"twitter:label1\" content=\"Dur\u00e9e de lecture estim\u00e9e\" \/>\n\t<meta name=\"twitter:data1\" content=\"1 minute\" \/>\n<script type=\"application\/ld+json\" class=\"yoast-schema-graph\">{\"@context\":\"https:\\\/\\\/schema.org\",\"@graph\":[{\"@type\":\"WebPage\",\"@id\":\"https:\\\/\\\/dogtastic.ch\\\/impressum\\\/\",\"url\":\"https:\\\/\\\/dogtastic.ch\\\/impressum\\\/\",\"name\":\"Impressum - Dogtastic\",\"isPartOf\":{\"@id\":\"https:\\\/\\\/dogtastic.ch\\\/#website\"},\"datePublished\":\"2025-04-21T08:02:21+00:00\",\"dateModified\":\"2025-04-21T08:19:29+00:00\",\"breadcrumb\":{\"@id\":\"https:\\\/\\\/dogtastic.ch\\\/impressum\\\/#breadcrumb\"},\"inLanguage\":\"fr-FR\",\"potentialAction\":[{\"@type\":\"ReadAction\",\"target\":[\"https:\\\/\\\/dogtastic.ch\\\/impressum\\\/\"]}]},{\"@type\":\"BreadcrumbList\",\"@id\":\"https:\\\/\\\/dogtastic.ch\\\/impressum\\\/#breadcrumb\",\"itemListElement\":[{\"@type\":\"ListItem\",\"position\":1,\"name\":\"Startseite\",\"item\":\"https:\\\/\\\/dogtastic.ch\\\/\"},{\"@type\":\"ListItem\",\"position\":2,\"name\":\"Impressum\"}]},{\"@type\":\"WebSite\",\"@id\":\"https:\\\/\\\/dogtastic.ch\\\/#website\",\"url\":\"https:\\\/\\\/dogtastic.ch\\\/\",\"name\":\"Dogtastic\",\"description\":\"Tages- und Ferienpl\u00e4tze f\u00fcr Hunde\",\"publisher\":{\"@id\":\"https:\\\/\\\/dogtastic.ch\\\/#organization\"},\"alternateName\":\"Tages- & Ferienpl\u00e4tze f\u00fcr Hunde & Hundesalon in Grandsivaz - Montagny\",\"potentialAction\":[{\"@type\":\"SearchAction\",\"target\":{\"@type\":\"EntryPoint\",\"urlTemplate\":\"https:\\\/\\\/dogtastic.ch\\\/?s={search_term_string}\"},\"query-input\":{\"@type\":\"PropertyValueSpecification\",\"valueRequired\":true,\"valueName\":\"search_term_string\"}}],\"inLanguage\":\"fr-FR\"},{\"@type\":\"Organization\",\"@id\":\"https:\\\/\\\/dogtastic.ch\\\/#organization\",\"name\":\"Dogtastic\",\"url\":\"https:\\\/\\\/dogtastic.ch\\\/\",\"logo\":{\"@type\":\"ImageObject\",\"inLanguage\":\"fr-FR\",\"@id\":\"https:\\\/\\\/dogtastic.ch\\\/#\\\/schema\\\/logo\\\/image\\\/\",\"url\":\"https:\\\/\\\/dogtastic.ch\\\/wp-content\\\/uploads\\\/2025\\\/04\\\/Dogtastic-dark-768x408-1.png\",\"contentUrl\":\"https:\\\/\\\/dogtastic.ch\\\/wp-content\\\/uploads\\\/2025\\\/04\\\/Dogtastic-dark-768x408-1.png\",\"width\":768,\"height\":408,\"caption\":\"Dogtastic\"},\"image\":{\"@id\":\"https:\\\/\\\/dogtastic.ch\\\/#\\\/schema\\\/logo\\\/image\\\/\"},\"sameAs\":[\"https:\\\/\\\/www.facebook.com\\\/dogtastic.ch\",\"https:\\\/\\\/www.instagram.com\\\/dogtastic.ch\\\/\"]}]}<\/script>\n<!-- \/ Yoast SEO plugin. -->","yoast_head_json":{"title":"Impressum - Dogtastic","robots":{"index":"index","follow":"follow","max-snippet":"max-snippet:-1","max-image-preview":"max-image-preview:large","max-video-preview":"max-video-preview:-1"},"canonical":"https:\/\/dogtastic.ch\/fr\/impressum\/","og_locale":"fr_FR","og_type":"article","og_title":"Impressum - Dogtastic","og_description":"Impressum Dogtastic \u2013 Hundeferien- und Tagesbetreuung in Grandsivaz \u2013 Montagny Kontakt-Adresse Dogtastic S\u00e0rlRoute de Fribourg 361775 GrandsivazSchweiz E-Mail:info@dogtastic.ch Vertretungsberechtigte Person(en) Andrea Gloor Pr\u00e4sidentin, Gesch\u00e4ftsleitung Thomas H\u00f6pfner, Gesch\u00e4ftsleitung Handelsregister-Eintrag Eingetragener Firmenname:Dogtastic S\u00e0rl Unternehmens-Nr (UID):CHE-280.918.207 Mehrwertsteuer-NummerCHE-280.918.207 MWST Haftungsausschluss Der Autor \u00fcbernimmt keinerlei Gew\u00e4hr hinsichtlich der inhaltlichen Richtigkeit, Genauigkeit, Aktualit\u00e4t, Zuverl\u00e4ssigkeit und Vollst\u00e4ndigkeit der Informationen. Haftungsanspr\u00fcche gegen den [&hellip;]","og_url":"https:\/\/dogtastic.ch\/fr\/impressum\/","og_site_name":"Dogtastic","article_publisher":"https:\/\/www.facebook.com\/dogtastic.ch","article_modified_time":"2025-04-21T08:19:29+00:00","og_image":[{"width":1440,"height":1920,"url":"https:\/\/dogtastic.ch\/wp-content\/uploads\/2025\/04\/dogtastic-hunde-Tagesbetreuung-44.jpg","type":"image\/jpeg"}],"twitter_card":"summary_large_image","twitter_misc":{"Dur\u00e9e de lecture estim\u00e9e":"1 minute"},"schema":{"@context":"https:\/\/schema.org","@graph":[{"@type":"WebPage","@id":"https:\/\/dogtastic.ch\/impressum\/","url":"https:\/\/dogtastic.ch\/impressum\/","name":"Impressum - Dogtastic","isPartOf":{"@id":"https:\/\/dogtastic.ch\/#website"},"datePublished":"2025-04-21T08:02:21+00:00","dateModified":"2025-04-21T08:19:29+00:00","breadcrumb":{"@id":"https:\/\/dogtastic.ch\/impressum\/#breadcrumb"},"inLanguage":"fr-FR","potentialAction":[{"@type":"ReadAction","target":["https:\/\/dogtastic.ch\/impressum\/"]}]},{"@type":"BreadcrumbList","@id":"https:\/\/dogtastic.ch\/impressum\/#breadcrumb","itemListElement":[{"@type":"ListItem","position":1,"name":"Startseite","item":"https:\/\/dogtastic.ch\/"},{"@type":"ListItem","position":2,"name":"Impressum"}]},{"@type":"WebSite","@id":"https:\/\/dogtastic.ch\/#website","url":"https:\/\/dogtastic.ch\/","name":"Dogtastic","description":"Garde de jour et de vacances pour chiens","publisher":{"@id":"https:\/\/dogtastic.ch\/#organization"},"alternateName":"Tages- & Ferienpl\u00e4tze f\u00fcr Hunde & Hundesalon in Grandsivaz - Montagny","potentialAction":[{"@type":"SearchAction","target":{"@type":"EntryPoint","urlTemplate":"https:\/\/dogtastic.ch\/?s={search_term_string}"},"query-input":{"@type":"PropertyValueSpecification","valueRequired":true,"valueName":"search_term_string"}}],"inLanguage":"fr-FR"},{"@type":"Organization","@id":"https:\/\/dogtastic.ch\/#organization","name":"Dogtastic","url":"https:\/\/dogtastic.ch\/","logo":{"@type":"ImageObject","inLanguage":"fr-FR","@id":"https:\/\/dogtastic.ch\/#\/schema\/logo\/image\/","url":"https:\/\/dogtastic.ch\/wp-content\/uploads\/2025\/04\/Dogtastic-dark-768x408-1.png","contentUrl":"https:\/\/dogtastic.ch\/wp-content\/uploads\/2025\/04\/Dogtastic-dark-768x408-1.png","width":768,"height":408,"caption":"Dogtastic"},"image":{"@id":"https:\/\/dogtastic.ch\/#\/schema\/logo\/image\/"},"sameAs":["https:\/\/www.facebook.com\/dogtastic.ch","https:\/\/www.instagram.com\/dogtastic.ch\/"]}]}},"_links":{"self":[{"href":"https:\/\/dogtastic.ch\/fr\/wp-json\/wp\/v2\/pages\/4626","targetHints":{"allow":["GET"]}}],"collection":[{"href":"https:\/\/dogtastic.ch\/fr\/wp-json\/wp\/v2\/pages"}],"about":[{"href":"https:\/\/dogtastic.ch\/fr\/wp-json\/wp\/v2\/types\/page"}],"author":[{"embeddable":true,"href":"https:\/\/dogtastic.ch\/fr\/wp-json\/wp\/v2\/users\/1"}],"replies":[{"embeddable":true,"href":"https:\/\/dogtastic.ch\/fr\/wp-json\/wp\/v2\/comments?post=4626"}],"version-history":[{"count":4,"href":"https:\/\/dogtastic.ch\/fr\/wp-json\/wp\/v2\/pages\/4626\/revisions"}],"predecessor-version":[{"id":4630,"href":"https:\/\/dogtastic.ch\/fr\/wp-json\/wp\/v2\/pages\/4626\/revisions\/4630"}],"wp:attachment":[{"href":"https:\/\/dogtastic.ch\/fr\/wp-json\/wp\/v2\/media?parent=4626"}],"curies":[{"name":"wp","href":"https:\/\/api.w.org\/{rel}","templated":true}]}}