{"id":1780,"date":"2022-01-23T17:20:48","date_gmt":"2022-01-23T17:20:48","guid":{"rendered":"https:\/\/dogtastic.ch\/?page_id=1780"},"modified":"2026-01-28T13:34:55","modified_gmt":"2026-01-28T12:34:55","slug":"jobs","status":"publish","type":"page","link":"https:\/\/dogtastic.ch\/fr\/pension-salon\/hundepension-kontakt\/jobs\/","title":{"rendered":"Emploi"},"content":{"rendered":"<div data-elementor-type=\"wp-page\" data-elementor-id=\"1780\" class=\"elementor elementor-1780\" data-elementor-post-type=\"page\">\n\t\t\t\t\t\t<section class=\"elementor-section elementor-top-section elementor-element elementor-element-b28ba7e elementor-section-height-min-height elementor-section-boxed elementor-section-height-default elementor-section-items-middle\" data-id=\"b28ba7e\" data-element_type=\"section\" data-e-type=\"section\">\n\t\t\t\t\t\t<div class=\"elementor-container elementor-column-gap-default\">\n\t\t\t\t\t<div class=\"elementor-column elementor-col-50 elementor-top-column elementor-element elementor-element-2b2dbbd9\" data-id=\"2b2dbbd9\" data-element_type=\"column\" data-e-type=\"column\">\n\t\t\t<div class=\"elementor-widget-wrap elementor-element-populated\">\n\t\t\t\t\t\t<div class=\"elementor-element elementor-element-cfb5985 elementor-widget elementor-widget-heading\" data-id=\"cfb5985\" data-element_type=\"widget\" data-e-type=\"widget\" data-widget_type=\"heading.default\">\n\t\t\t\t\t<h1 class=\"elementor-heading-title elementor-size-default\">Offres d'emploi<\/h1>\t\t\t\t<\/div>\n\t\t\t\t<div class=\"elementor-element elementor-element-1712bd8e elementor-widget elementor-widget-text-editor\" data-id=\"1712bd8e\" data-element_type=\"widget\" data-e-type=\"widget\" data-widget_type=\"text-editor.default\">\n\t\t\t\t\t\t\t\t\t<p>Nous renfor\u00e7ons notre \u00e9quipe<\/p>\t\t\t\t\t\t\t\t<\/div>\n\t\t\t\t\t<\/div>\n\t\t<\/div>\n\t\t\t\t<div class=\"elementor-column elementor-col-50 elementor-top-column elementor-element elementor-element-306aa6dc elementor-hidden-phone\" data-id=\"306aa6dc\" data-element_type=\"column\" data-e-type=\"column\">\n\t\t\t<div class=\"elementor-widget-wrap\">\n\t\t\t\t\t\t\t<\/div>\n\t\t<\/div>\n\t\t\t\t\t<\/div>\n\t\t<\/section>\n\t\t<div class=\"elementor-element elementor-element-f64db90 e-flex e-con-boxed e-con e-parent\" data-id=\"f64db90\" data-element_type=\"container\" data-e-type=\"container\">\n\t\t\t\t\t<div class=\"e-con-inner\">\n\t\t\t\t<div class=\"elementor-element elementor-element-f662ea8 elementor-widget elementor-widget-text-editor\" data-id=\"f662ea8\" data-element_type=\"widget\" data-e-type=\"widget\" data-widget_type=\"text-editor.default\">\n\t\t\t\t\t\t\t\t\t<p>Offene Postitionen:<\/p><ul><li><strong>Stage FSIFP Gardien\u00b7ne d\u2019animaux (Chien)<\/strong><\/li><\/ul><div><ul><li><strong>Gardien\u00b7ne d\u2019animaux (50%)<\/strong><\/li><\/ul><\/div>\t\t\t\t\t\t\t\t<\/div>\n\t\t\t\t\t<\/div>\n\t\t\t\t<\/div>\n\t\t<div class=\"elementor-element elementor-element-42e9d9c e-flex e-con-boxed e-con e-parent\" data-id=\"42e9d9c\" data-element_type=\"container\" data-e-type=\"container\">\n\t\t\t\t\t<div class=\"e-con-inner\">\n\t\t\t\t<div class=\"elementor-element elementor-element-c44322e elementor-widget elementor-widget-heading\" data-id=\"c44322e\" data-element_type=\"widget\" data-e-type=\"widget\" data-widget_type=\"heading.default\">\n\t\t\t\t\t<h2 class=\"elementor-heading-title elementor-size-default\">\nStage FSIFP Gardien\u00b7ne d\u2019animaux (Chien)<\/h2>\t\t\t\t<\/div>\n\t\t\t\t\t<\/div>\n\t\t\t\t<\/div>\n\t\t<div class=\"elementor-element elementor-element-0437479 e-flex e-con-boxed e-con e-parent\" data-id=\"0437479\" data-element_type=\"container\" data-e-type=\"container\">\n\t\t\t\t\t<div class=\"e-con-inner\">\n\t\t\t\t<div class=\"elementor-element elementor-element-c12bade elementor-widget elementor-widget-text-editor\" data-id=\"c12bade\" data-element_type=\"widget\" data-e-type=\"widget\" data-widget_type=\"text-editor.default\">\n\t\t\t\t\t\t\t\t\t<p style=\"font-weight: 400;\">Tu suis actuellement la formation th\u00e9orique de gardien\u00b7ne d\u2019animaux FSIFP (sp\u00e9cialisation chien) \u2013 ou tu l\u2019as d\u00e9j\u00e0 termin\u00e9e et recherches maintenant une exp\u00e9rience pratique reconnue ? Alors tu es au bon endroit!<\/p><p style=\"font-weight: 400;\">Nous sommes une pension canine \u00e9tablie en Suisse romande, g\u00e9r\u00e9e de mani\u00e8re professionnelle tout en conservant une atmosph\u00e8re familiale. Nous proposons en permanence des places de stage avec attestation officielle aux stagiaires motiv\u00e9(e)s, passionn\u00e9(e)s par les chiens.<\/p><p style=\"font-weight: 400;\"><strong>Ce qui t\u2019attend chez nous:<\/strong><br \/>\ud83d\udc3e Soins, alimentation et surveillance de nos chiens en pension et en accueil journalier<br \/>\ud83d\udc3e Sorties et surveillance de groupes de chiens en ext\u00e9rieur<br \/>\ud83d\udc3e Participation au nettoyage et \u00e0 l\u2019hygi\u00e8ne dans toutes les zones<br \/>\ud83d\udc3e D\u00e9couverte de l\u2019organisation interne d\u2019une pension canine<br \/>\ud83d\udc3e Contact avec la client\u00e8le et aide lors des arriv\u00e9es et d\u00e9parts<\/p><p style=\"font-weight: 400;\"><strong>Ton profil:<\/strong><br \/>\u2714\ufe0f Formation th\u00e9orique FSIFP gardien(ne) d\u2019animaux (chien) en cours ou achev\u00e9e <br \/>\u00a0\u00a0\u00a0\u00a0 Gange<br \/>\u2714\ufe0f Grande passion pour les chiens et sensibilit\u00e9 \u00e0 leur comportement<br \/>\u2714\ufe0f Envie de t\u2019engager activement \u2013 m\u00eame quand \u00e7a bouge beaucoup<br \/>\u2714\ufe0f Bonnes connaissances orales du fran\u00e7ais, l\u2019allemand est un atout<br \/>\u2714\ufe0f Fiabilit\u00e9, esprit d\u2019\u00e9quipe et envie d\u2019apprendre<\/p><p style=\"font-weight: 400;\"><strong>Ce qui est important pour nous\u2013et ce que nous t\u2019offrons:<\/strong><br \/>De nombreuses institutions et pensions facturent des frais de stage et n\u2019assurent pas leurs stagiaires contre les accidents. Nous trouvons cela injuste.<br \/>\ud83d\udc36 Chez nous, le stage est gratuit pour toi\u2013mais \u00e9galement non r\u00e9mun\u00e9r\u00e9.<br \/>\ud83d\udc36 Tu es pleinement assur\u00e9\u00b7e contre les accidents professionnels pendant toute la dur\u00e9e de ton stage. <br \/>\u00a0\u00a0\u00a0\u00a0 versichert.<br \/>\ud83d\udc36 Tu es accompagn\u00e9(e) par une \u00e9quipe exp\u00e9riment\u00e9e et bienveillante.<br \/>\ud83d\udc36 Tu re\u00e7ois une attestation officielle de stage pour ton dipl\u00f4me.<br \/>\ud83d\udc36 Selon entente et disponibilit\u00e9s, ton chien peut t\u2019accompagner.<\/p><p style=\"font-weight: 400;\"><strong>Dur\u00e9e et horaires du stage:<\/strong><br \/>\u00c0 convenir individuellement \u2013 id\u00e9alement au moins 4 semaines, volontiers plus. Les stages sont possibles du lundi au dimanche. Nous souhaitons te confier au moins 2 jours par semaine \u2013 \u00e0 temps plein ou \u00e0 temps partiel.<\/p><p style=\"font-weight: 400;\"><strong>Pr\u00eat\u00b7e pour ton exp\u00e9rience pratique qui laisse une empreinte de patte?<\/strong><br \/>Alors nous nous r\u00e9jouissons de recevoir ta candidature \u2013par e-mail avec ton CV et une lettre de motivation.<\/p><p style=\"font-weight: 400;\">\ud83d\udc49 <a href=\"mailto:jobs@dogtastic.ch\" target=\"_blank\" rel=\"noopener\"><strong>Postule maintenant pour un stage!<\/strong><\/a><\/p>\t\t\t\t\t\t\t\t<\/div>\n\t\t\t\t\t<\/div>\n\t\t\t\t<\/div>\n\t\t<div class=\"elementor-element elementor-element-d02221c e-flex e-con-boxed e-con e-parent\" data-id=\"d02221c\" data-element_type=\"container\" data-e-type=\"container\">\n\t\t\t\t\t<div class=\"e-con-inner\">\n\t\t\t\t<div class=\"elementor-element elementor-element-f8952e7 elementor-widget-divider--view-line elementor-widget elementor-widget-divider\" data-id=\"f8952e7\" data-element_type=\"widget\" data-e-type=\"widget\" data-widget_type=\"divider.default\">\n\t\t\t\t\t\t\t<div class=\"elementor-divider\">\n\t\t\t<span class=\"elementor-divider-separator\">\n\t\t\t\t\t\t<\/span>\n\t\t<\/div>\n\t\t\t\t\t\t<\/div>\n\t\t\t\t\t<\/div>\n\t\t\t\t<\/div>\n\t\t<div class=\"elementor-element elementor-element-4555ba0 e-flex e-con-boxed e-con e-parent\" data-id=\"4555ba0\" data-element_type=\"container\" data-e-type=\"container\">\n\t\t\t\t\t<div class=\"e-con-inner\">\n\t\t\t\t\t<\/div>\n\t\t\t\t<\/div>\n\t\t\t\t<\/div>","protected":false},"excerpt":{"rendered":"<p>Stellenangebote Wir suchen Verst\u00e4rkung Offene Postitionen: Praktikumsstelle FBA Tierbetreuer:in Tierpfleger:in EFZ 50% Praktikumsstelle FBA Tierbetreuer:in (Hund) Du steckst mitten in deiner theoretischen Ausbildung zur \/zum FBA Tierbetreuer:in (Hund) \u2013 oder hast diese bereits abgeschlossen und brauchst jetzt noch den Praktikumsnachweis? Dann bist du bei uns genau richtig! Wir sind eine etablierte Hundepensionen in der Westschweiz, [&hellip;]<\/p>\n","protected":false},"author":1,"featured_media":4745,"parent":468,"menu_order":0,"comment_status":"closed","ping_status":"closed","template":"","meta":{"footnotes":""},"class_list":["post-1780","page","type-page","status-publish","has-post-thumbnail","hentry"],"yoast_head":"<!-- This site is optimized with the Yoast SEO plugin v27.4 - https:\/\/yoast.com\/product\/yoast-seo-wordpress\/ -->\n<title>Jobs - Dogtastic<\/title>\n<meta name=\"robots\" content=\"index, follow, max-snippet:-1, max-image-preview:large, max-video-preview:-1\" \/>\n<link rel=\"canonical\" href=\"https:\/\/dogtastic.ch\/fr\/pension-salon\/hundepension-kontakt\/jobs\/\" \/>\n<meta property=\"og:locale\" content=\"fr_FR\" \/>\n<meta property=\"og:type\" content=\"article\" \/>\n<meta property=\"og:title\" content=\"Jobs - Dogtastic\" \/>\n<meta property=\"og:description\" content=\"Stellenangebote Wir suchen Verst\u00e4rkung Offene Postitionen: Praktikumsstelle FBA Tierbetreuer:in Tierpfleger:in EFZ 50% Praktikumsstelle FBA Tierbetreuer:in (Hund) Du steckst mitten in deiner theoretischen Ausbildung zur \/zum FBA Tierbetreuer:in (Hund) \u2013 oder hast diese bereits abgeschlossen und brauchst jetzt noch den Praktikumsnachweis? Dann bist du bei uns genau richtig! Wir sind eine etablierte Hundepensionen in der Westschweiz, [&hellip;]\" \/>\n<meta property=\"og:url\" content=\"https:\/\/dogtastic.ch\/fr\/pension-salon\/hundepension-kontakt\/jobs\/\" \/>\n<meta property=\"og:site_name\" content=\"Dogtastic\" \/>\n<meta property=\"article:publisher\" content=\"https:\/\/www.facebook.com\/dogtastic.ch\" \/>\n<meta property=\"article:modified_time\" content=\"2026-01-28T12:34:55+00:00\" \/>\n<meta property=\"og:image\" content=\"https:\/\/dogtastic.ch\/wp-content\/uploads\/2025\/04\/dogtastic-hunde-Tagesbetreuung-43-1.jpg\" \/>\n\t<meta property=\"og:image:width\" content=\"1920\" \/>\n\t<meta property=\"og:image:height\" content=\"1440\" \/>\n\t<meta property=\"og:image:type\" content=\"image\/jpeg\" \/>\n<meta name=\"twitter:card\" content=\"summary_large_image\" \/>\n<meta name=\"twitter:label1\" content=\"Dur\u00e9e de lecture estim\u00e9e\" \/>\n\t<meta name=\"twitter:data1\" content=\"5 minutes\" \/>\n<script type=\"application\/ld+json\" class=\"yoast-schema-graph\">{\"@context\":\"https:\\\/\\\/schema.org\",\"@graph\":[{\"@type\":\"WebPage\",\"@id\":\"https:\\\/\\\/dogtastic.ch\\\/pension-salon\\\/hundepension-kontakt\\\/jobs\\\/\",\"url\":\"https:\\\/\\\/dogtastic.ch\\\/pension-salon\\\/hundepension-kontakt\\\/jobs\\\/\",\"name\":\"Jobs - Dogtastic\",\"isPartOf\":{\"@id\":\"https:\\\/\\\/dogtastic.ch\\\/#website\"},\"primaryImageOfPage\":{\"@id\":\"https:\\\/\\\/dogtastic.ch\\\/pension-salon\\\/hundepension-kontakt\\\/jobs\\\/#primaryimage\"},\"image\":{\"@id\":\"https:\\\/\\\/dogtastic.ch\\\/pension-salon\\\/hundepension-kontakt\\\/jobs\\\/#primaryimage\"},\"thumbnailUrl\":\"https:\\\/\\\/dogtastic.ch\\\/wp-content\\\/uploads\\\/2025\\\/04\\\/dogtastic-hunde-Tagesbetreuung-43-1.jpg\",\"datePublished\":\"2022-01-23T17:20:48+00:00\",\"dateModified\":\"2026-01-28T12:34:55+00:00\",\"breadcrumb\":{\"@id\":\"https:\\\/\\\/dogtastic.ch\\\/pension-salon\\\/hundepension-kontakt\\\/jobs\\\/#breadcrumb\"},\"inLanguage\":\"fr-FR\",\"potentialAction\":[{\"@type\":\"ReadAction\",\"target\":[\"https:\\\/\\\/dogtastic.ch\\\/pension-salon\\\/hundepension-kontakt\\\/jobs\\\/\"]}]},{\"@type\":\"ImageObject\",\"inLanguage\":\"fr-FR\",\"@id\":\"https:\\\/\\\/dogtastic.ch\\\/pension-salon\\\/hundepension-kontakt\\\/jobs\\\/#primaryimage\",\"url\":\"https:\\\/\\\/dogtastic.ch\\\/wp-content\\\/uploads\\\/2025\\\/04\\\/dogtastic-hunde-Tagesbetreuung-43-1.jpg\",\"contentUrl\":\"https:\\\/\\\/dogtastic.ch\\\/wp-content\\\/uploads\\\/2025\\\/04\\\/dogtastic-hunde-Tagesbetreuung-43-1.jpg\",\"width\":1920,\"height\":1440},{\"@type\":\"BreadcrumbList\",\"@id\":\"https:\\\/\\\/dogtastic.ch\\\/pension-salon\\\/hundepension-kontakt\\\/jobs\\\/#breadcrumb\",\"itemListElement\":[{\"@type\":\"ListItem\",\"position\":1,\"name\":\"Startseite\",\"item\":\"https:\\\/\\\/dogtastic.ch\\\/\"},{\"@type\":\"ListItem\",\"position\":2,\"name\":\"1. Pension + Spazierservice\",\"item\":\"https:\\\/\\\/dogtastic.ch\\\/pension-salon\\\/\"},{\"@type\":\"ListItem\",\"position\":3,\"name\":\"Kontakt\",\"item\":\"https:\\\/\\\/dogtastic.ch\\\/pension-salon\\\/hundepension-kontakt\\\/\"},{\"@type\":\"ListItem\",\"position\":4,\"name\":\"Jobs\"}]},{\"@type\":\"WebSite\",\"@id\":\"https:\\\/\\\/dogtastic.ch\\\/#website\",\"url\":\"https:\\\/\\\/dogtastic.ch\\\/\",\"name\":\"Dogtastic\",\"description\":\"Tages- und Ferienpl\u00e4tze f\u00fcr Hunde\",\"publisher\":{\"@id\":\"https:\\\/\\\/dogtastic.ch\\\/#organization\"},\"alternateName\":\"Tages- & Ferienpl\u00e4tze f\u00fcr Hunde & Hundesalon in Grandsivaz - Montagny\",\"potentialAction\":[{\"@type\":\"SearchAction\",\"target\":{\"@type\":\"EntryPoint\",\"urlTemplate\":\"https:\\\/\\\/dogtastic.ch\\\/?s={search_term_string}\"},\"query-input\":{\"@type\":\"PropertyValueSpecification\",\"valueRequired\":true,\"valueName\":\"search_term_string\"}}],\"inLanguage\":\"fr-FR\"},{\"@type\":\"Organization\",\"@id\":\"https:\\\/\\\/dogtastic.ch\\\/#organization\",\"name\":\"Dogtastic\",\"url\":\"https:\\\/\\\/dogtastic.ch\\\/\",\"logo\":{\"@type\":\"ImageObject\",\"inLanguage\":\"fr-FR\",\"@id\":\"https:\\\/\\\/dogtastic.ch\\\/#\\\/schema\\\/logo\\\/image\\\/\",\"url\":\"https:\\\/\\\/dogtastic.ch\\\/wp-content\\\/uploads\\\/2025\\\/04\\\/Dogtastic-dark-768x408-1.png\",\"contentUrl\":\"https:\\\/\\\/dogtastic.ch\\\/wp-content\\\/uploads\\\/2025\\\/04\\\/Dogtastic-dark-768x408-1.png\",\"width\":768,\"height\":408,\"caption\":\"Dogtastic\"},\"image\":{\"@id\":\"https:\\\/\\\/dogtastic.ch\\\/#\\\/schema\\\/logo\\\/image\\\/\"},\"sameAs\":[\"https:\\\/\\\/www.facebook.com\\\/dogtastic.ch\",\"https:\\\/\\\/www.instagram.com\\\/dogtastic.ch\\\/\"]}]}<\/script>\n<!-- \/ Yoast SEO plugin. -->","yoast_head_json":{"title":"Jobs - Dogtastic","robots":{"index":"index","follow":"follow","max-snippet":"max-snippet:-1","max-image-preview":"max-image-preview:large","max-video-preview":"max-video-preview:-1"},"canonical":"https:\/\/dogtastic.ch\/fr\/pension-salon\/hundepension-kontakt\/jobs\/","og_locale":"fr_FR","og_type":"article","og_title":"Jobs - Dogtastic","og_description":"Stellenangebote Wir suchen Verst\u00e4rkung Offene Postitionen: Praktikumsstelle FBA Tierbetreuer:in Tierpfleger:in EFZ 50% Praktikumsstelle FBA Tierbetreuer:in (Hund) Du steckst mitten in deiner theoretischen Ausbildung zur \/zum FBA Tierbetreuer:in (Hund) \u2013 oder hast diese bereits abgeschlossen und brauchst jetzt noch den Praktikumsnachweis? Dann bist du bei uns genau richtig! Wir sind eine etablierte Hundepensionen in der Westschweiz, [&hellip;]","og_url":"https:\/\/dogtastic.ch\/fr\/pension-salon\/hundepension-kontakt\/jobs\/","og_site_name":"Dogtastic","article_publisher":"https:\/\/www.facebook.com\/dogtastic.ch","article_modified_time":"2026-01-28T12:34:55+00:00","og_image":[{"width":1920,"height":1440,"url":"https:\/\/dogtastic.ch\/wp-content\/uploads\/2025\/04\/dogtastic-hunde-Tagesbetreuung-43-1.jpg","type":"image\/jpeg"}],"twitter_card":"summary_large_image","twitter_misc":{"Dur\u00e9e de lecture estim\u00e9e":"5 minutes"},"schema":{"@context":"https:\/\/schema.org","@graph":[{"@type":"WebPage","@id":"https:\/\/dogtastic.ch\/pension-salon\/hundepension-kontakt\/jobs\/","url":"https:\/\/dogtastic.ch\/pension-salon\/hundepension-kontakt\/jobs\/","name":"Jobs - Dogtastic","isPartOf":{"@id":"https:\/\/dogtastic.ch\/#website"},"primaryImageOfPage":{"@id":"https:\/\/dogtastic.ch\/pension-salon\/hundepension-kontakt\/jobs\/#primaryimage"},"image":{"@id":"https:\/\/dogtastic.ch\/pension-salon\/hundepension-kontakt\/jobs\/#primaryimage"},"thumbnailUrl":"https:\/\/dogtastic.ch\/wp-content\/uploads\/2025\/04\/dogtastic-hunde-Tagesbetreuung-43-1.jpg","datePublished":"2022-01-23T17:20:48+00:00","dateModified":"2026-01-28T12:34:55+00:00","breadcrumb":{"@id":"https:\/\/dogtastic.ch\/pension-salon\/hundepension-kontakt\/jobs\/#breadcrumb"},"inLanguage":"fr-FR","potentialAction":[{"@type":"ReadAction","target":["https:\/\/dogtastic.ch\/pension-salon\/hundepension-kontakt\/jobs\/"]}]},{"@type":"ImageObject","inLanguage":"fr-FR","@id":"https:\/\/dogtastic.ch\/pension-salon\/hundepension-kontakt\/jobs\/#primaryimage","url":"https:\/\/dogtastic.ch\/wp-content\/uploads\/2025\/04\/dogtastic-hunde-Tagesbetreuung-43-1.jpg","contentUrl":"https:\/\/dogtastic.ch\/wp-content\/uploads\/2025\/04\/dogtastic-hunde-Tagesbetreuung-43-1.jpg","width":1920,"height":1440},{"@type":"BreadcrumbList","@id":"https:\/\/dogtastic.ch\/pension-salon\/hundepension-kontakt\/jobs\/#breadcrumb","itemListElement":[{"@type":"ListItem","position":1,"name":"Startseite","item":"https:\/\/dogtastic.ch\/"},{"@type":"ListItem","position":2,"name":"1. Pension + Spazierservice","item":"https:\/\/dogtastic.ch\/pension-salon\/"},{"@type":"ListItem","position":3,"name":"Kontakt","item":"https:\/\/dogtastic.ch\/pension-salon\/hundepension-kontakt\/"},{"@type":"ListItem","position":4,"name":"Jobs"}]},{"@type":"WebSite","@id":"https:\/\/dogtastic.ch\/#website","url":"https:\/\/dogtastic.ch\/","name":"Dogtastic","description":"Garde de jour et de vacances pour chiens","publisher":{"@id":"https:\/\/dogtastic.ch\/#organization"},"alternateName":"Tages- & Ferienpl\u00e4tze f\u00fcr Hunde & Hundesalon in Grandsivaz - Montagny","potentialAction":[{"@type":"SearchAction","target":{"@type":"EntryPoint","urlTemplate":"https:\/\/dogtastic.ch\/?s={search_term_string}"},"query-input":{"@type":"PropertyValueSpecification","valueRequired":true,"valueName":"search_term_string"}}],"inLanguage":"fr-FR"},{"@type":"Organization","@id":"https:\/\/dogtastic.ch\/#organization","name":"Dogtastic","url":"https:\/\/dogtastic.ch\/","logo":{"@type":"ImageObject","inLanguage":"fr-FR","@id":"https:\/\/dogtastic.ch\/#\/schema\/logo\/image\/","url":"https:\/\/dogtastic.ch\/wp-content\/uploads\/2025\/04\/Dogtastic-dark-768x408-1.png","contentUrl":"https:\/\/dogtastic.ch\/wp-content\/uploads\/2025\/04\/Dogtastic-dark-768x408-1.png","width":768,"height":408,"caption":"Dogtastic"},"image":{"@id":"https:\/\/dogtastic.ch\/#\/schema\/logo\/image\/"},"sameAs":["https:\/\/www.facebook.com\/dogtastic.ch","https:\/\/www.instagram.com\/dogtastic.ch\/"]}]}},"_links":{"self":[{"href":"https:\/\/dogtastic.ch\/fr\/wp-json\/wp\/v2\/pages\/1780","targetHints":{"allow":["GET"]}}],"collection":[{"href":"https:\/\/dogtastic.ch\/fr\/wp-json\/wp\/v2\/pages"}],"about":[{"href":"https:\/\/dogtastic.ch\/fr\/wp-json\/wp\/v2\/types\/page"}],"author":[{"embeddable":true,"href":"https:\/\/dogtastic.ch\/fr\/wp-json\/wp\/v2\/users\/1"}],"replies":[{"embeddable":true,"href":"https:\/\/dogtastic.ch\/fr\/wp-json\/wp\/v2\/comments?post=1780"}],"version-history":[{"count":34,"href":"https:\/\/dogtastic.ch\/fr\/wp-json\/wp\/v2\/pages\/1780\/revisions"}],"predecessor-version":[{"id":5367,"href":"https:\/\/dogtastic.ch\/fr\/wp-json\/wp\/v2\/pages\/1780\/revisions\/5367"}],"up":[{"embeddable":true,"href":"https:\/\/dogtastic.ch\/fr\/wp-json\/wp\/v2\/pages\/468"}],"wp:featuredmedia":[{"embeddable":true,"href":"https:\/\/dogtastic.ch\/fr\/wp-json\/wp\/v2\/media\/4745"}],"wp:attachment":[{"href":"https:\/\/dogtastic.ch\/fr\/wp-json\/wp\/v2\/media?parent=1780"}],"curies":[{"name":"wp","href":"https:\/\/api.w.org\/{rel}","templated":true}]}}