{"id":1180,"date":"2021-09-24T14:53:11","date_gmt":"2021-09-24T14:53:11","guid":{"rendered":"https:\/\/dogtastic.ch\/?page_id=1180"},"modified":"2026-01-04T11:07:06","modified_gmt":"2026-01-04T10:07:06","slug":"oeffnungszeiten","status":"publish","type":"page","link":"https:\/\/dogtastic.ch\/fr\/pension-salon\/oeffnungszeiten\/","title":{"rendered":"Heures d'ouverture"},"content":{"rendered":"<div data-elementor-type=\"wp-page\" data-elementor-id=\"1180\" class=\"elementor elementor-1180\" data-elementor-post-type=\"page\">\n\t\t\t\t\t\t<section class=\"elementor-section elementor-top-section elementor-element elementor-element-32e9ec37 elementor-section-height-min-height elementor-section-boxed elementor-section-height-default elementor-section-items-middle\" data-id=\"32e9ec37\" data-element_type=\"section\" data-e-type=\"section\">\n\t\t\t\t\t\t<div class=\"elementor-container elementor-column-gap-default\">\n\t\t\t\t\t<div class=\"elementor-column elementor-col-50 elementor-top-column elementor-element elementor-element-77aed24b\" data-id=\"77aed24b\" data-element_type=\"column\" data-e-type=\"column\">\n\t\t\t<div class=\"elementor-widget-wrap elementor-element-populated\">\n\t\t\t\t\t\t<div class=\"elementor-element elementor-element-57b5b97e elementor-widget elementor-widget-heading\" data-id=\"57b5b97e\" data-element_type=\"widget\" data-e-type=\"widget\" data-widget_type=\"heading.default\">\n\t\t\t\t\t<h1 class=\"elementor-heading-title elementor-size-default\">Heures d\u2019ouverture \u2013 Pension pour chiens<\/h1>\t\t\t\t<\/div>\n\t\t\t\t<div class=\"elementor-element elementor-element-40441b94 elementor-widget elementor-widget-text-editor\" data-id=\"40441b94\" data-element_type=\"widget\" data-e-type=\"widget\" data-widget_type=\"text-editor.default\">\n\t\t\t\t\t\t\t\t\t<p>\u00c0 ces horaires, nous accueillons et remettons nos pensionnaires.<\/p>\t\t\t\t\t\t\t\t<\/div>\n\t\t\t\t\t<\/div>\n\t\t<\/div>\n\t\t\t\t<div class=\"elementor-column elementor-col-50 elementor-top-column elementor-element elementor-element-431ab6d6 elementor-hidden-phone\" data-id=\"431ab6d6\" data-element_type=\"column\" data-e-type=\"column\">\n\t\t\t<div class=\"elementor-widget-wrap\">\n\t\t\t\t\t\t\t<\/div>\n\t\t<\/div>\n\t\t\t\t\t<\/div>\n\t\t<\/section>\n\t\t<div class=\"elementor-element elementor-element-84f509a e-flex e-con-boxed e-con e-parent\" data-id=\"84f509a\" data-element_type=\"container\" data-e-type=\"container\">\n\t\t\t\t\t<div class=\"e-con-inner\">\n\t\t\t\t<div class=\"elementor-element elementor-element-d3dfea5 elementor-widget elementor-widget-heading\" data-id=\"d3dfea5\" data-element_type=\"widget\" data-e-type=\"widget\" data-widget_type=\"heading.default\">\n\t\t\t\t\t<h2 class=\"elementor-heading-title elementor-size-default\"><br>Heures d\u2019arriv\u00e9e et de d\u00e9part 2026<\/h2>\t\t\t\t<\/div>\n\t\t\t\t\t<\/div>\n\t\t\t\t<\/div>\n\t\t<div class=\"elementor-element elementor-element-d40979c e-flex e-con-boxed e-con e-parent\" data-id=\"d40979c\" data-element_type=\"container\" data-e-type=\"container\">\n\t\t\t\t\t<div class=\"e-con-inner\">\n\t\t\t\t<div class=\"elementor-element elementor-element-5c8b66e elementor-widget elementor-widget-icon-box\" data-id=\"5c8b66e\" data-element_type=\"widget\" data-e-type=\"widget\" data-widget_type=\"icon-box.default\">\n\t\t\t\t\t\t\t<div class=\"elementor-icon-box-wrapper\">\n\n\t\t\t\n\t\t\t\t\t\t<div class=\"elementor-icon-box-content\">\n\n\t\t\t\t\t\t\t\t\t<h3 class=\"elementor-icon-box-title\">\n\t\t\t\t\t\t<span  >\n\t\t\t\t\t\t\tLundi \u2013 Vendredi\t\t\t\t\t\t<\/span>\n\t\t\t\t\t<\/h3>\n\t\t\t\t\n\t\t\t\t\t\t\t\t\t<p class=\"elementor-icon-box-description\">\n\t\t\t\t\t\t<strong>Matin :<\/strong>  07h00 - 09h30<br>\n<strong>Soir :<\/strong>   16h30 - 19h00\t\t\t\t\t<\/p>\n\t\t\t\t\n\t\t\t<\/div>\n\t\t\t\n\t\t<\/div>\n\t\t\t\t\t\t<\/div>\n\t\t\t\t<div class=\"elementor-element elementor-element-be0c2a3 elementor-widget elementor-widget-icon-box\" data-id=\"be0c2a3\" data-element_type=\"widget\" data-e-type=\"widget\" data-widget_type=\"icon-box.default\">\n\t\t\t\t\t\t\t<div class=\"elementor-icon-box-wrapper\">\n\n\t\t\t\n\t\t\t\t\t\t<div class=\"elementor-icon-box-content\">\n\n\t\t\t\t\t\t\t\t\t<h3 class=\"elementor-icon-box-title\">\n\t\t\t\t\t\t<span  >\n\t\t\t\t\t\t\tSamedi\t\t\t\t\t\t<\/span>\n\t\t\t\t\t<\/h3>\n\t\t\t\t\n\t\t\t\t\t\t\t\t\t<p class=\"elementor-icon-box-description\">\n\t\t\t\t\t\t<strong>Matin :<\/strong>  08h30 - 09h30 <br>\n<strong>Soir :<\/strong>   17h00 - 18h00<br>\t\t\t\t\t<\/p>\n\t\t\t\t\n\t\t\t<\/div>\n\t\t\t\n\t\t<\/div>\n\t\t\t\t\t\t<\/div>\n\t\t\t\t<div class=\"elementor-element elementor-element-8e5cc90 elementor-widget elementor-widget-icon-box\" data-id=\"8e5cc90\" data-element_type=\"widget\" data-e-type=\"widget\" data-widget_type=\"icon-box.default\">\n\t\t\t\t\t\t\t<div class=\"elementor-icon-box-wrapper\">\n\n\t\t\t\n\t\t\t\t\t\t<div class=\"elementor-icon-box-content\">\n\n\t\t\t\t\t\t\t\t\t<h3 class=\"elementor-icon-box-title\">\n\t\t\t\t\t\t<span  >\n\t\t\t\t\t\t\tDimanche\t\t\t\t\t\t<\/span>\n\t\t\t\t\t<\/h3>\n\t\t\t\t\n\t\t\t\t\t\t\t\t\t<p class=\"elementor-icon-box-description translation-block\"><strong>Ferm\u00e9 \u2013 <br>pas de garde de jour<\/strong><\/p>\n\t\t\t\t\n\t\t\t<\/div>\n\t\t\t\n\t\t<\/div>\n\t\t\t\t\t\t<\/div>\n\t\t\t\t\t<\/div>\n\t\t\t\t<\/div>\n\t\t<div class=\"elementor-element elementor-element-a1f4eab e-flex e-con-boxed e-con e-parent\" data-id=\"a1f4eab\" data-element_type=\"container\" data-e-type=\"container\">\n\t\t\t\t\t<div class=\"e-con-inner\">\n\t\t<div class=\"elementor-element elementor-element-1730718 e-con-full e-flex e-con e-child\" data-id=\"1730718\" data-element_type=\"container\" data-e-type=\"container\">\n\t\t\t\t<div class=\"elementor-element elementor-element-16240b6 elementor-widget elementor-widget-text-editor\" data-id=\"16240b6\" data-element_type=\"widget\" data-e-type=\"widget\" data-widget_type=\"text-editor.default\">\n\t\t\t\t\t\t\t\t\t<p>En dehors des horaires d'ouverture les suppl\u00e9ments sont factur\u00e9s selon notre <a href=\"https:\/\/dogtastic.ch\/fr\/pension-salon\/preise-2026\/\" target=\"_blank\" rel=\"noopener\">liste de prix<\/a> .\u00a0<\/p>\t\t\t\t\t\t\t\t<\/div>\n\t\t\t\t<\/div>\n\t\t\t\t\t<\/div>\n\t\t\t\t<\/div>\n\t\t<div class=\"elementor-element elementor-element-5bb8cb5 e-flex e-con-boxed e-con e-parent\" data-id=\"5bb8cb5\" data-element_type=\"container\" data-e-type=\"container\">\n\t\t\t\t\t<div class=\"e-con-inner\">\n\t\t\t\t\t<\/div>\n\t\t\t\t<\/div>\n\t\t\t\t<\/div>","protected":false},"excerpt":{"rendered":"<p>\u00d6ffnungzeiten Hundepension Zu diesen Zeiten empfangen und verabschieden wir unsere G\u00e4ste. Bring-\/Holzeiten f\u00fcr Tages- und Ferieng\u00e4ste 2026 Montag \u2013 Freitag Morgen: 07:00 \u2013 09:30 Uhr Abend: 16:30 \u2013 19:00 Uhr Samstag Morgen: 08:30 \u2013 09:30 Uhr Abend: 17:00 \u2013 18:00 Uhr Sonntag Geschlossen \u2013 keine Tagesbetreuung Ausserhalb der \u00d6ffnungszeiten werden die Zuschl\u00e4ge gem\u00e4ss Preisliste verrechnet.\u00a0<\/p>","protected":false},"author":1,"featured_media":0,"parent":2576,"menu_order":0,"comment_status":"closed","ping_status":"closed","template":"","meta":{"footnotes":""},"class_list":["post-1180","page","type-page","status-publish","hentry"],"yoast_head":"<!-- This site is optimized with the Yoast SEO plugin v27.6 - https:\/\/yoast.com\/product\/yoast-seo-wordpress\/ -->\n<title>\u00d6ffnungszeiten - Dogtastic<\/title>\n<meta name=\"robots\" content=\"index, follow, max-snippet:-1, max-image-preview:large, max-video-preview:-1\" \/>\n<link rel=\"canonical\" href=\"https:\/\/dogtastic.ch\/fr\/pension-salon\/oeffnungszeiten\/\" \/>\n<meta property=\"og:locale\" content=\"fr_FR\" \/>\n<meta property=\"og:type\" content=\"article\" \/>\n<meta property=\"og:title\" content=\"\u00d6ffnungszeiten - Dogtastic\" \/>\n<meta property=\"og:description\" content=\"\u00d6ffnungzeiten Hundepension Zu diesen Zeiten empfangen und verabschieden wir unsere G\u00e4ste. Bring-\/Holzeiten f\u00fcr Tages- und Ferieng\u00e4ste 2026 Montag \u2013 Freitag Morgen: 07:00 \u2013 09:30 Uhr Abend: 16:30 \u2013 19:00 Uhr Samstag Morgen: 08:30 \u2013 09:30 Uhr Abend: 17:00 \u2013 18:00 Uhr Sonntag Geschlossen \u2013 keine Tagesbetreuung Ausserhalb der \u00d6ffnungszeiten werden die Zuschl\u00e4ge gem\u00e4ss Preisliste verrechnet.\u00a0\" \/>\n<meta property=\"og:url\" content=\"https:\/\/dogtastic.ch\/fr\/pension-salon\/oeffnungszeiten\/\" \/>\n<meta property=\"og:site_name\" content=\"Dogtastic\" \/>\n<meta property=\"article:publisher\" content=\"https:\/\/www.facebook.com\/dogtastic.ch\" \/>\n<meta property=\"article:modified_time\" content=\"2026-01-04T10:07:06+00:00\" \/>\n<meta property=\"og:image\" content=\"https:\/\/dogtastic.ch\/wp-content\/uploads\/2025\/04\/dogtastic-hunde-Tagesbetreuung-44.jpg\" \/>\n\t<meta property=\"og:image:width\" content=\"1440\" \/>\n\t<meta property=\"og:image:height\" content=\"1920\" \/>\n\t<meta property=\"og:image:type\" content=\"image\/jpeg\" \/>\n<meta name=\"twitter:card\" content=\"summary_large_image\" \/>\n<meta name=\"twitter:label1\" content=\"Dur\u00e9e de lecture estim\u00e9e\" \/>\n\t<meta name=\"twitter:data1\" content=\"1 minute\" \/>\n<script type=\"application\/ld+json\" class=\"yoast-schema-graph\">{\"@context\":\"https:\\\/\\\/schema.org\",\"@graph\":[{\"@type\":\"WebPage\",\"@id\":\"https:\\\/\\\/dogtastic.ch\\\/pension-salon\\\/oeffnungszeiten\\\/\",\"url\":\"https:\\\/\\\/dogtastic.ch\\\/pension-salon\\\/oeffnungszeiten\\\/\",\"name\":\"\u00d6ffnungszeiten - Dogtastic\",\"isPartOf\":{\"@id\":\"https:\\\/\\\/dogtastic.ch\\\/#website\"},\"datePublished\":\"2021-09-24T14:53:11+00:00\",\"dateModified\":\"2026-01-04T10:07:06+00:00\",\"breadcrumb\":{\"@id\":\"https:\\\/\\\/dogtastic.ch\\\/pension-salon\\\/oeffnungszeiten\\\/#breadcrumb\"},\"inLanguage\":\"fr-FR\",\"potentialAction\":[{\"@type\":\"ReadAction\",\"target\":[\"https:\\\/\\\/dogtastic.ch\\\/pension-salon\\\/oeffnungszeiten\\\/\"]}]},{\"@type\":\"BreadcrumbList\",\"@id\":\"https:\\\/\\\/dogtastic.ch\\\/pension-salon\\\/oeffnungszeiten\\\/#breadcrumb\",\"itemListElement\":[{\"@type\":\"ListItem\",\"position\":1,\"name\":\"Startseite\",\"item\":\"https:\\\/\\\/dogtastic.ch\\\/\"},{\"@type\":\"ListItem\",\"position\":2,\"name\":\"1. Pension + Spazierservice\",\"item\":\"https:\\\/\\\/dogtastic.ch\\\/pension-salon\\\/\"},{\"@type\":\"ListItem\",\"position\":3,\"name\":\"\u00d6ffnungszeiten\"}]},{\"@type\":\"WebSite\",\"@id\":\"https:\\\/\\\/dogtastic.ch\\\/#website\",\"url\":\"https:\\\/\\\/dogtastic.ch\\\/\",\"name\":\"Dogtastic\",\"description\":\"Tages- und Ferienpl\u00e4tze f\u00fcr Hunde\",\"publisher\":{\"@id\":\"https:\\\/\\\/dogtastic.ch\\\/#organization\"},\"alternateName\":\"Tages- & Ferienpl\u00e4tze f\u00fcr Hunde & Hundesalon in Grandsivaz - Montagny\",\"potentialAction\":[{\"@type\":\"SearchAction\",\"target\":{\"@type\":\"EntryPoint\",\"urlTemplate\":\"https:\\\/\\\/dogtastic.ch\\\/?s={search_term_string}\"},\"query-input\":{\"@type\":\"PropertyValueSpecification\",\"valueRequired\":true,\"valueName\":\"search_term_string\"}}],\"inLanguage\":\"fr-FR\"},{\"@type\":\"Organization\",\"@id\":\"https:\\\/\\\/dogtastic.ch\\\/#organization\",\"name\":\"Dogtastic\",\"url\":\"https:\\\/\\\/dogtastic.ch\\\/\",\"logo\":{\"@type\":\"ImageObject\",\"inLanguage\":\"fr-FR\",\"@id\":\"https:\\\/\\\/dogtastic.ch\\\/#\\\/schema\\\/logo\\\/image\\\/\",\"url\":\"https:\\\/\\\/dogtastic.ch\\\/wp-content\\\/uploads\\\/2025\\\/04\\\/Dogtastic-dark-768x408-1.png\",\"contentUrl\":\"https:\\\/\\\/dogtastic.ch\\\/wp-content\\\/uploads\\\/2025\\\/04\\\/Dogtastic-dark-768x408-1.png\",\"width\":768,\"height\":408,\"caption\":\"Dogtastic\"},\"image\":{\"@id\":\"https:\\\/\\\/dogtastic.ch\\\/#\\\/schema\\\/logo\\\/image\\\/\"},\"sameAs\":[\"https:\\\/\\\/www.facebook.com\\\/dogtastic.ch\",\"https:\\\/\\\/www.instagram.com\\\/dogtastic.ch\\\/\"]}]}<\/script>\n<!-- \/ Yoast SEO plugin. -->","yoast_head_json":{"title":"\u00d6ffnungszeiten - Dogtastic","robots":{"index":"index","follow":"follow","max-snippet":"max-snippet:-1","max-image-preview":"max-image-preview:large","max-video-preview":"max-video-preview:-1"},"canonical":"https:\/\/dogtastic.ch\/fr\/pension-salon\/oeffnungszeiten\/","og_locale":"fr_FR","og_type":"article","og_title":"\u00d6ffnungszeiten - Dogtastic","og_description":"\u00d6ffnungzeiten Hundepension Zu diesen Zeiten empfangen und verabschieden wir unsere G\u00e4ste. Bring-\/Holzeiten f\u00fcr Tages- und Ferieng\u00e4ste 2026 Montag \u2013 Freitag Morgen: 07:00 \u2013 09:30 Uhr Abend: 16:30 \u2013 19:00 Uhr Samstag Morgen: 08:30 \u2013 09:30 Uhr Abend: 17:00 \u2013 18:00 Uhr Sonntag Geschlossen \u2013 keine Tagesbetreuung Ausserhalb der \u00d6ffnungszeiten werden die Zuschl\u00e4ge gem\u00e4ss Preisliste verrechnet.\u00a0","og_url":"https:\/\/dogtastic.ch\/fr\/pension-salon\/oeffnungszeiten\/","og_site_name":"Dogtastic","article_publisher":"https:\/\/www.facebook.com\/dogtastic.ch","article_modified_time":"2026-01-04T10:07:06+00:00","og_image":[{"width":1440,"height":1920,"url":"https:\/\/dogtastic.ch\/wp-content\/uploads\/2025\/04\/dogtastic-hunde-Tagesbetreuung-44.jpg","type":"image\/jpeg"}],"twitter_card":"summary_large_image","twitter_misc":{"Dur\u00e9e de lecture estim\u00e9e":"1 minute"},"schema":{"@context":"https:\/\/schema.org","@graph":[{"@type":"WebPage","@id":"https:\/\/dogtastic.ch\/pension-salon\/oeffnungszeiten\/","url":"https:\/\/dogtastic.ch\/pension-salon\/oeffnungszeiten\/","name":"\u00d6ffnungszeiten - Dogtastic","isPartOf":{"@id":"https:\/\/dogtastic.ch\/#website"},"datePublished":"2021-09-24T14:53:11+00:00","dateModified":"2026-01-04T10:07:06+00:00","breadcrumb":{"@id":"https:\/\/dogtastic.ch\/pension-salon\/oeffnungszeiten\/#breadcrumb"},"inLanguage":"fr-FR","potentialAction":[{"@type":"ReadAction","target":["https:\/\/dogtastic.ch\/pension-salon\/oeffnungszeiten\/"]}]},{"@type":"BreadcrumbList","@id":"https:\/\/dogtastic.ch\/pension-salon\/oeffnungszeiten\/#breadcrumb","itemListElement":[{"@type":"ListItem","position":1,"name":"Startseite","item":"https:\/\/dogtastic.ch\/"},{"@type":"ListItem","position":2,"name":"1. Pension + Spazierservice","item":"https:\/\/dogtastic.ch\/pension-salon\/"},{"@type":"ListItem","position":3,"name":"\u00d6ffnungszeiten"}]},{"@type":"WebSite","@id":"https:\/\/dogtastic.ch\/#website","url":"https:\/\/dogtastic.ch\/","name":"Dogtastic","description":"Garde de jour et de vacances pour chiens","publisher":{"@id":"https:\/\/dogtastic.ch\/#organization"},"alternateName":"Tages- & Ferienpl\u00e4tze f\u00fcr Hunde & Hundesalon in Grandsivaz - Montagny","potentialAction":[{"@type":"SearchAction","target":{"@type":"EntryPoint","urlTemplate":"https:\/\/dogtastic.ch\/?s={search_term_string}"},"query-input":{"@type":"PropertyValueSpecification","valueRequired":true,"valueName":"search_term_string"}}],"inLanguage":"fr-FR"},{"@type":"Organization","@id":"https:\/\/dogtastic.ch\/#organization","name":"Dogtastic","url":"https:\/\/dogtastic.ch\/","logo":{"@type":"ImageObject","inLanguage":"fr-FR","@id":"https:\/\/dogtastic.ch\/#\/schema\/logo\/image\/","url":"https:\/\/dogtastic.ch\/wp-content\/uploads\/2025\/04\/Dogtastic-dark-768x408-1.png","contentUrl":"https:\/\/dogtastic.ch\/wp-content\/uploads\/2025\/04\/Dogtastic-dark-768x408-1.png","width":768,"height":408,"caption":"Dogtastic"},"image":{"@id":"https:\/\/dogtastic.ch\/#\/schema\/logo\/image\/"},"sameAs":["https:\/\/www.facebook.com\/dogtastic.ch","https:\/\/www.instagram.com\/dogtastic.ch\/"]}]}},"_links":{"self":[{"href":"https:\/\/dogtastic.ch\/fr\/wp-json\/wp\/v2\/pages\/1180","targetHints":{"allow":["GET"]}}],"collection":[{"href":"https:\/\/dogtastic.ch\/fr\/wp-json\/wp\/v2\/pages"}],"about":[{"href":"https:\/\/dogtastic.ch\/fr\/wp-json\/wp\/v2\/types\/page"}],"author":[{"embeddable":true,"href":"https:\/\/dogtastic.ch\/fr\/wp-json\/wp\/v2\/users\/1"}],"replies":[{"embeddable":true,"href":"https:\/\/dogtastic.ch\/fr\/wp-json\/wp\/v2\/comments?post=1180"}],"version-history":[{"count":39,"href":"https:\/\/dogtastic.ch\/fr\/wp-json\/wp\/v2\/pages\/1180\/revisions"}],"predecessor-version":[{"id":5127,"href":"https:\/\/dogtastic.ch\/fr\/wp-json\/wp\/v2\/pages\/1180\/revisions\/5127"}],"up":[{"embeddable":true,"href":"https:\/\/dogtastic.ch\/fr\/wp-json\/wp\/v2\/pages\/2576"}],"wp:attachment":[{"href":"https:\/\/dogtastic.ch\/fr\/wp-json\/wp\/v2\/media?parent=1180"}],"curies":[{"name":"wp","href":"https:\/\/api.w.org\/{rel}","templated":true}]}}