{"id":843,"date":"2021-09-05T21:55:54","date_gmt":"2021-09-05T21:55:54","guid":{"rendered":"https:\/\/dogtastic.ch\/?page_id=843"},"modified":"2026-02-24T12:26:01","modified_gmt":"2026-02-24T11:26:01","slug":"hundepension-dogtastic","status":"publish","type":"page","link":"https:\/\/dogtastic.ch\/en\/pension-salon\/hundepension-dogtastic\/","title":{"rendered":"Dog boarding Dogtastic"},"content":{"rendered":"<div data-elementor-type=\"wp-page\" data-elementor-id=\"843\" class=\"elementor elementor-843\" data-elementor-post-type=\"page\">\n\t\t\t\t\t\t<section class=\"elementor-section elementor-top-section elementor-element elementor-element-4f71e7fa elementor-section-height-min-height elementor-section-boxed elementor-section-height-default elementor-section-items-middle\" data-id=\"4f71e7fa\" data-element_type=\"section\" data-e-type=\"section\">\n\t\t\t\t\t\t<div class=\"elementor-container elementor-column-gap-default\">\n\t\t\t\t\t<div class=\"elementor-column elementor-col-50 elementor-top-column elementor-element elementor-element-d27b45\" data-id=\"d27b45\" data-element_type=\"column\" data-e-type=\"column\">\n\t\t\t<div class=\"elementor-widget-wrap elementor-element-populated\">\n\t\t\t\t\t\t<div class=\"elementor-element elementor-element-10c95918 elementor-widget elementor-widget-heading\" data-id=\"10c95918\" data-element_type=\"widget\" data-e-type=\"widget\" data-widget_type=\"heading.default\">\n\t\t\t\t\t<h1 class=\"elementor-heading-title elementor-size-default\">Dog boarding Dogtastic<\/h1>\t\t\t\t<\/div>\n\t\t\t\t<div class=\"elementor-element elementor-element-2a0b6544 elementor-widget elementor-widget-text-editor\" data-id=\"2a0b6544\" data-element_type=\"widget\" data-e-type=\"widget\" data-widget_type=\"text-editor.default\">\n\t\t\t\t\t\t\t\t\t<p><span style=\"font-family: &quot;Open Sans&quot;, sans-serif;\">Professional care by qualified dog trainers<\/span><br><\/p>\t\t\t\t\t\t\t\t<\/div>\n\t\t\t\t\t<\/div>\n\t\t<\/div>\n\t\t\t\t<div class=\"elementor-column elementor-col-50 elementor-top-column elementor-element elementor-element-1f37d4d3 elementor-hidden-phone\" data-id=\"1f37d4d3\" data-element_type=\"column\" data-e-type=\"column\">\n\t\t\t<div class=\"elementor-widget-wrap\">\n\t\t\t\t\t\t\t<\/div>\n\t\t<\/div>\n\t\t\t\t\t<\/div>\n\t\t<\/section>\n\t\t<div class=\"elementor-element elementor-element-932345f e-flex e-con-boxed e-con e-parent\" data-id=\"932345f\" data-element_type=\"container\" data-e-type=\"container\">\n\t\t\t\t\t<div class=\"e-con-inner\">\n\t\t<div class=\"elementor-element elementor-element-c03ce13 e-con-full e-flex e-con e-child\" data-id=\"c03ce13\" data-element_type=\"container\" data-e-type=\"container\">\n\t\t\t\t<div class=\"elementor-element elementor-element-37e5dd1 elementor-widget elementor-widget-heading\" data-id=\"37e5dd1\" data-element_type=\"widget\" data-e-type=\"widget\" data-widget_type=\"heading.default\">\n\t\t\t\t\t<h2 class=\"elementor-heading-title elementor-size-default\"><span class=\"elementor-heading-title elementor-size-default elementor-inline-editing pen\" data-elementor-setting-key=\"title\" data-pen-placeholder=\"Type Here...\" style=\"font-family: var( --e-global-typography-primary-font-family ), Sans-serif;font-weight: var( --e-global-typography-primary-font-weight );font-size: 2rem\"><span class=\"elementor-heading-title elementor-size-default\" style=\"line-height: 1.3em;white-space: normal;border: 0px;font-size: 2rem;vertical-align: baseline;clear: both;, sans-serif\">This is where dogs go on holiday.<\/span><\/span><\/h2>\t\t\t\t<\/div>\n\t\t\t\t<div class=\"elementor-element elementor-element-4a97b2a elementor-widget elementor-widget-text-editor\" data-id=\"4a97b2a\" data-element_type=\"widget\" data-e-type=\"widget\" data-widget_type=\"text-editor.default\">\n\t\t\t\t\t\t\t\t\t<p>Do you have to go back to the office and don't know where to take your dog?<\/p><p>Are you going on vacation and need competent care for your pet?<\/p><p>Dogs feel right at home with us. Whether playing with other dogs in our 4,000 m\u00b2 fenced outdoor area or relaxing in comfortably furnished dog rooms.<\/p><p>As trained dog trainers and dog caregivers FBA, we ensure that your four-legged friend has everything they need.<\/p><p>We offer daycare and vacation spots. Contact us to secure a spot.<\/p><p>We require that dogs be fully vaccinated, including vaccination against kennel cough. Vaccinations must be renewed at least 30 days before the start of the vacation.<\/p>\t\t\t\t\t\t\t\t<\/div>\n\t\t\t\t<\/div>\n\t\t<div class=\"elementor-element elementor-element-035a9ed e-con-full e-flex e-con e-child\" data-id=\"035a9ed\" data-element_type=\"container\" data-e-type=\"container\">\n\t\t\t\t<div class=\"elementor-element elementor-element-c3f8898 elementor-widget elementor-widget-image\" data-id=\"c3f8898\" data-element_type=\"widget\" data-e-type=\"widget\" data-widget_type=\"image.default\">\n\t\t\t\t\t\t\t\t\t\t\t\t\t\t\t<img fetchpriority=\"high\" decoding=\"async\" width=\"600\" height=\"600\" src=\"https:\/\/dogtastic.ch\/wp-content\/uploads\/2025\/04\/dogtastic-header-5-pd77xm3o09r0xgfxrwxqym0r70dtky5q91gq64he28.jpg\" class=\"attachment-large size-large wp-image-4398\" alt=\"\" srcset=\"https:\/\/dogtastic.ch\/wp-content\/uploads\/2025\/04\/dogtastic-header-5-pd77xm3o09r0xgfxrwxqym0r70dtky5q91gq64he28.jpg 600w, https:\/\/dogtastic.ch\/wp-content\/uploads\/2025\/04\/dogtastic-header-5-pd77xm3o09r0xgfxrwxqym0r70dtky5q91gq64he28-300x300.jpg 300w, https:\/\/dogtastic.ch\/wp-content\/uploads\/2025\/04\/dogtastic-header-5-pd77xm3o09r0xgfxrwxqym0r70dtky5q91gq64he28-150x150.jpg 150w\" sizes=\"(max-width: 600px) 100vw, 600px\" \/>\t\t\t\t\t\t\t\t\t\t\t\t\t\t\t<\/div>\n\t\t\t\t<\/div>\n\t\t\t\t\t<\/div>\n\t\t\t\t<\/div>\n\t\t<div class=\"elementor-element elementor-element-63749cf e-flex e-con-boxed e-con e-parent\" data-id=\"63749cf\" data-element_type=\"container\" data-e-type=\"container\">\n\t\t\t\t\t<div class=\"e-con-inner\">\n\t\t\t\t<div class=\"elementor-element elementor-element-c73ed92 elementor-widget elementor-widget-heading\" data-id=\"c73ed92\" data-element_type=\"widget\" data-e-type=\"widget\" data-widget_type=\"heading.default\">\n\t\t\t\t\t<h2 class=\"elementor-heading-title elementor-size-default\">Useful Links<\/h2>\t\t\t\t<\/div>\n\t\t\t\t\t<\/div>\n\t\t\t\t<\/div>\n\t\t<div class=\"elementor-element elementor-element-9bbcdf8 e-flex e-con-boxed e-con e-parent\" data-id=\"9bbcdf8\" data-element_type=\"container\" data-e-type=\"container\">\n\t\t\t\t\t<div class=\"e-con-inner\">\n\t\t\t\t<div class=\"elementor-element elementor-element-92162da elementor-widget elementor-widget-button\" data-id=\"92162da\" data-element_type=\"widget\" data-e-type=\"widget\" data-widget_type=\"button.default\">\n\t\t\t\t\t\t\t\t\t\t<a class=\"elementor-button elementor-button-link elementor-size-sm\" href=\"https:\/\/dogtastic.ch\/en\/pension-salon\/preise-2026\/\">\n\t\t\t\t\t\t<span class=\"elementor-button-content-wrapper\">\n\t\t\t\t\t\t\t\t\t<span class=\"elementor-button-text\">Boarding prices<\/span>\n\t\t\t\t\t<\/span>\n\t\t\t\t\t<\/a>\n\t\t\t\t\t\t\t\t<\/div>\n\t\t\t\t<div class=\"elementor-element elementor-element-d3a88d9 elementor-widget elementor-widget-button\" data-id=\"d3a88d9\" data-element_type=\"widget\" data-e-type=\"widget\" data-widget_type=\"button.default\">\n\t\t\t\t\t\t\t\t\t\t<a class=\"elementor-button elementor-button-link elementor-size-sm\" href=\"https:\/\/dogtastic.zohocreatorportal.eu\/\">\n\t\t\t\t\t\t<span class=\"elementor-button-content-wrapper\">\n\t\t\t\t\t\t\t\t\t<span class=\"elementor-button-text\">Request Booking<\/span>\n\t\t\t\t\t<\/span>\n\t\t\t\t\t<\/a>\n\t\t\t\t\t\t\t\t<\/div>\n\t\t\t\t<div class=\"elementor-element elementor-element-22d15cb elementor-widget elementor-widget-button\" data-id=\"22d15cb\" data-element_type=\"widget\" data-e-type=\"widget\" data-widget_type=\"button.default\">\n\t\t\t\t\t\t\t\t\t\t<a class=\"elementor-button elementor-button-link elementor-size-sm\" href=\"https:\/\/dogtastic.ch\/en\/pension-salon\/oeffnungszeiten\/\">\n\t\t\t\t\t\t<span class=\"elementor-button-content-wrapper\">\n\t\t\t\t\t\t\t\t\t<span class=\"elementor-button-text\">Opening hours<\/span>\n\t\t\t\t\t<\/span>\n\t\t\t\t\t<\/a>\n\t\t\t\t\t\t\t\t<\/div>\n\t\t\t\t<div class=\"elementor-element elementor-element-bb3f316 elementor-widget elementor-widget-button\" data-id=\"bb3f316\" data-element_type=\"widget\" data-e-type=\"widget\" data-widget_type=\"button.default\">\n\t\t\t\t\t\t\t\t\t\t<a class=\"elementor-button elementor-button-link elementor-size-sm\" href=\"https:\/\/dogtastic.ch\/en\/pension-salon\/agb\/\">\n\t\t\t\t\t\t<span class=\"elementor-button-content-wrapper\">\n\t\t\t\t\t\t\t\t\t<span class=\"elementor-button-text\">General Terms &amp; Conditions<\/span>\n\t\t\t\t\t<\/span>\n\t\t\t\t\t<\/a>\n\t\t\t\t\t\t\t\t<\/div>\n\t\t\t\t<div class=\"elementor-element elementor-element-ceffa17 elementor-widget elementor-widget-button\" data-id=\"ceffa17\" data-element_type=\"widget\" data-e-type=\"widget\" data-widget_type=\"button.default\">\n\t\t\t\t\t\t\t\t\t\t<a class=\"elementor-button elementor-button-link elementor-size-sm\" href=\"https:\/\/dogtastic.ch\/en\/pension-salon\/hundepension-kontakt\/\">\n\t\t\t\t\t\t<span class=\"elementor-button-content-wrapper\">\n\t\t\t\t\t\t\t\t\t<span class=\"elementor-button-text\">Contact us<\/span>\n\t\t\t\t\t<\/span>\n\t\t\t\t\t<\/a>\n\t\t\t\t\t\t\t\t<\/div>\n\t\t\t\t\t<\/div>\n\t\t\t\t<\/div>\n\t\t<div class=\"elementor-element elementor-element-4aacb14 e-flex e-con-boxed e-con e-parent\" data-id=\"4aacb14\" data-element_type=\"container\" data-e-type=\"container\">\n\t\t\t\t\t<div class=\"e-con-inner\">\n\t\t\t\t<div class=\"elementor-element elementor-element-653f5b5 elementor-view-default elementor-position-block-start elementor-mobile-position-block-start elementor-widget elementor-widget-icon-box\" data-id=\"653f5b5\" data-element_type=\"widget\" data-e-type=\"widget\" data-widget_type=\"icon-box.default\">\n\t\t\t\t\t\t\t<div class=\"elementor-icon-box-wrapper\">\n\n\t\t\t\t\t\t<div class=\"elementor-icon-box-icon\">\n\t\t\t\t<span  class=\"elementor-icon\">\n\t\t\t\t<svg aria-hidden=\"true\" class=\"e-font-icon-svg e-fas-hotel\" viewbox=\"0 0 576 512\" xmlns=\"http:\/\/www.w3.org\/2000\/svg\"><path d=\"M560 64c8.84 0 16-7.16 16-16V16c0-8.84-7.16-16-16-16H16C7.16 0 0 7.16 0 16v32c0 8.84 7.16 16 16 16h15.98v384H16c-8.84 0-16 7.16-16 16v32c0 8.84 7.16 16 16 16h240v-80c0-8.8 7.2-16 16-16h32c8.8 0 16 7.2 16 16v80h240c8.84 0 16-7.16 16-16v-32c0-8.84-7.16-16-16-16h-16V64h16zm-304 44.8c0-6.4 6.4-12.8 12.8-12.8h38.4c6.4 0 12.8 6.4 12.8 12.8v38.4c0 6.4-6.4 12.8-12.8 12.8h-38.4c-6.4 0-12.8-6.4-12.8-12.8v-38.4zm0 96c0-6.4 6.4-12.8 12.8-12.8h38.4c6.4 0 12.8 6.4 12.8 12.8v38.4c0 6.4-6.4 12.8-12.8 12.8h-38.4c-6.4 0-12.8-6.4-12.8-12.8v-38.4zm-128-96c0-6.4 6.4-12.8 12.8-12.8h38.4c6.4 0 12.8 6.4 12.8 12.8v38.4c0 6.4-6.4 12.8-12.8 12.8h-38.4c-6.4 0-12.8-6.4-12.8-12.8v-38.4zM179.2 256h-38.4c-6.4 0-12.8-6.4-12.8-12.8v-38.4c0-6.4 6.4-12.8 12.8-12.8h38.4c6.4 0 12.8 6.4 12.8 12.8v38.4c0 6.4-6.4 12.8-12.8 12.8zM192 384c0-53.02 42.98-96 96-96s96 42.98 96 96H192zm256-140.8c0 6.4-6.4 12.8-12.8 12.8h-38.4c-6.4 0-12.8-6.4-12.8-12.8v-38.4c0-6.4 6.4-12.8 12.8-12.8h38.4c6.4 0 12.8 6.4 12.8 12.8v38.4zm0-96c0 6.4-6.4 12.8-12.8 12.8h-38.4c-6.4 0-12.8-6.4-12.8-12.8v-38.4c0-6.4 6.4-12.8 12.8-12.8h38.4c6.4 0 12.8 6.4 12.8 12.8v38.4z\"><\/path><\/svg>\t\t\t\t<\/span>\n\t\t\t<\/div>\n\t\t\t\n\t\t\t\t\t\t<div class=\"elementor-icon-box-content\">\n\n\t\t\t\t\t\t\t\t\t<h3 class=\"elementor-icon-box-title\">\n\t\t\t\t\t\t<span  >\n\t\t\t\t\t\t\tDog room\t\t\t\t\t\t<\/span>\n\t\t\t\t\t<\/h3>\n\t\t\t\t\n\t\t\t\t\t\t\t\t\t<p class=\"elementor-icon-box-description\">\n\t\t\t\t\t\tDuring their stay with us, your dog stays in a cozy room with a private outdoor area.\t\t\t\t\t<\/p>\n\t\t\t\t\n\t\t\t<\/div>\n\t\t\t\n\t\t<\/div>\n\t\t\t\t\t\t<\/div>\n\t\t\t\t<div class=\"elementor-element elementor-element-da69b19 elementor-view-default elementor-position-block-start elementor-mobile-position-block-start elementor-widget elementor-widget-icon-box\" data-id=\"da69b19\" data-element_type=\"widget\" data-e-type=\"widget\" data-widget_type=\"icon-box.default\">\n\t\t\t\t\t\t\t<div class=\"elementor-icon-box-wrapper\">\n\n\t\t\t\t\t\t<div class=\"elementor-icon-box-icon\">\n\t\t\t\t<span  class=\"elementor-icon\">\n\t\t\t\t<svg aria-hidden=\"true\" class=\"e-font-icon-svg e-fas-dog\" viewbox=\"0 0 576 512\" xmlns=\"http:\/\/www.w3.org\/2000\/svg\"><path d=\"M298.06,224,448,277.55V496a16,16,0,0,1-16,16H368a16,16,0,0,1-16-16V384H192V496a16,16,0,0,1-16,16H112a16,16,0,0,1-16-16V282.09C58.84,268.84,32,233.66,32,192a32,32,0,0,1,64,0,32.06,32.06,0,0,0,32,32ZM544,112v32a64,64,0,0,1-64,64H448v35.58L320,197.87V48c0-14.25,17.22-21.39,27.31-11.31L374.59,64h53.63c10.91,0,23.75,7.92,28.62,17.69L464,96h64A16,16,0,0,1,544,112Zm-112,0a16,16,0,1,0-16,16A16,16,0,0,0,432,112Z\"><\/path><\/svg>\t\t\t\t<\/span>\n\t\t\t<\/div>\n\t\t\t\n\t\t\t\t\t\t<div class=\"elementor-icon-box-content\">\n\n\t\t\t\t\t\t\t\t\t<h3 class=\"elementor-icon-box-title\">\n\t\t\t\t\t\t<span  >\n\t\t\t\t\t\t\tOutdoor area\t\t\t\t\t\t<\/span>\n\t\t\t\t\t<\/h3>\n\t\t\t\t\n\t\t\t\t\t\t\t\t\t<p class=\"elementor-icon-box-description\">\n\t\t\t\t\t\t<span style=\"text-align: left\">While playing and romping under supervision with fellow dogs in our spacious outdoor area, your dog will feel completely at ease. <\/span>\t\t\t\t\t<\/p>\n\t\t\t\t\n\t\t\t<\/div>\n\t\t\t\n\t\t<\/div>\n\t\t\t\t\t\t<\/div>\n\t\t\t\t<div class=\"elementor-element elementor-element-27440a2 elementor-view-default elementor-position-block-start elementor-mobile-position-block-start elementor-widget elementor-widget-icon-box\" data-id=\"27440a2\" data-element_type=\"widget\" data-e-type=\"widget\" data-widget_type=\"icon-box.default\">\n\t\t\t\t\t\t\t<div class=\"elementor-icon-box-wrapper\">\n\n\t\t\t\t\t\t<div class=\"elementor-icon-box-icon\">\n\t\t\t\t<span  class=\"elementor-icon\">\n\t\t\t\t<svg aria-hidden=\"true\" class=\"e-font-icon-svg e-fas-bone\" viewbox=\"0 0 640 512\" xmlns=\"http:\/\/www.w3.org\/2000\/svg\"><path d=\"M598.88 244.56c25.2-12.6 41.12-38.36 41.12-66.53v-7.64C640 129.3 606.7 96 565.61 96c-32.02 0-60.44 20.49-70.57 50.86-7.68 23.03-11.6 45.14-38.11 45.14H183.06c-27.38 0-31.58-25.54-38.11-45.14C134.83 116.49 106.4 96 74.39 96 33.3 96 0 129.3 0 170.39v7.64c0 28.17 15.92 53.93 41.12 66.53 9.43 4.71 9.43 18.17 0 22.88C15.92 280.04 0 305.8 0 333.97v7.64C0 382.7 33.3 416 74.38 416c32.02 0 60.44-20.49 70.57-50.86 7.68-23.03 11.6-45.14 38.11-45.14h273.87c27.38 0 31.58 25.54 38.11 45.14C505.17 395.51 533.6 416 565.61 416c41.08 0 74.38-33.3 74.38-74.39v-7.64c0-28.18-15.92-53.93-41.12-66.53-9.42-4.71-9.42-18.17.01-22.88z\"><\/path><\/svg>\t\t\t\t<\/span>\n\t\t\t<\/div>\n\t\t\t\n\t\t\t\t\t\t<div class=\"elementor-icon-box-content\">\n\n\t\t\t\t\t\t\t\t\t<h3 class=\"elementor-icon-box-title\">\n\t\t\t\t\t\t<span  >\n\t\t\t\t\t\t\tFeeding\t\t\t\t\t\t<\/span>\n\t\t\t\t\t<\/h3>\n\t\t\t\t\n\t\t\t\t\t\t\t\t\t<p class=\"elementor-icon-box-description\">\n\t\t\t\t\t\tWe feed twice a day with kyli Basic Rabbiness and Sensiness and ensure optimal nutrition with this premium-quality food.<br>From time to time, there is something to snack on. Of course, you can also bring your own food.\t\t\t\t\t<\/p>\n\t\t\t\t\n\t\t\t<\/div>\n\t\t\t\n\t\t<\/div>\n\t\t\t\t\t\t<\/div>\n\t\t\t\t\t<\/div>\n\t\t\t\t<\/div>\n\t\t\t\t<\/div>","protected":false},"excerpt":{"rendered":"<p>Hundepension Dogtastic Professionelle Betreuung durch qualifizierte Hundetrainer Hier d\u00fcrfen Hunde Urlaub machen. M\u00fcssen Sie zur\u00fcck ins B\u00fcro und wissen nicht wohin mit Ihrem Hund? Fahren Sie in die Ferien und brauchen eine kompetente Betreuung f\u00fcr Ihren Liebling? Bei uns f\u00fchlen sich Hunde wie zu Hause. Sei es beim Spiel mit Artgenossen auf unserem 4000m2 eingez\u00e4unten [&hellip;]<\/p>\n","protected":false},"author":1,"featured_media":4038,"parent":2576,"menu_order":0,"comment_status":"closed","ping_status":"closed","template":"","meta":{"footnotes":""},"class_list":["post-843","page","type-page","status-publish","has-post-thumbnail","hentry"],"yoast_head":"<!-- This site is optimized with the Yoast SEO plugin v27.6 - https:\/\/yoast.com\/product\/yoast-seo-wordpress\/ -->\n<title>Hundepension Dogtastic - Dogtastic<\/title>\n<meta name=\"robots\" content=\"index, follow, max-snippet:-1, max-image-preview:large, max-video-preview:-1\" \/>\n<link rel=\"canonical\" href=\"https:\/\/dogtastic.ch\/en\/pension-salon\/hundepension-dogtastic\/\" \/>\n<meta property=\"og:locale\" content=\"en_US\" \/>\n<meta property=\"og:type\" content=\"article\" \/>\n<meta property=\"og:title\" content=\"Hundepension Dogtastic - Dogtastic\" \/>\n<meta property=\"og:description\" content=\"Hundepension Dogtastic Professionelle Betreuung durch qualifizierte Hundetrainer Hier d\u00fcrfen Hunde Urlaub machen. M\u00fcssen Sie zur\u00fcck ins B\u00fcro und wissen nicht wohin mit Ihrem Hund? Fahren Sie in die Ferien und brauchen eine kompetente Betreuung f\u00fcr Ihren Liebling? Bei uns f\u00fchlen sich Hunde wie zu Hause. Sei es beim Spiel mit Artgenossen auf unserem 4000m2 eingez\u00e4unten [&hellip;]\" \/>\n<meta property=\"og:url\" content=\"https:\/\/dogtastic.ch\/en\/pension-salon\/hundepension-dogtastic\/\" \/>\n<meta property=\"og:site_name\" content=\"Dogtastic\" \/>\n<meta property=\"article:publisher\" content=\"https:\/\/www.facebook.com\/dogtastic.ch\" \/>\n<meta property=\"article:modified_time\" content=\"2026-02-24T11:26:01+00:00\" \/>\n<meta property=\"og:image\" content=\"https:\/\/dogtastic.ch\/wp-content\/uploads\/2025\/04\/dogtastic-hunde-Tagesbetreuung-37.jpg\" \/>\n\t<meta property=\"og:image:width\" content=\"1920\" \/>\n\t<meta property=\"og:image:height\" content=\"1440\" \/>\n\t<meta property=\"og:image:type\" content=\"image\/jpeg\" \/>\n<meta name=\"twitter:card\" content=\"summary_large_image\" \/>\n<meta name=\"twitter:label1\" content=\"Est. reading time\" \/>\n\t<meta name=\"twitter:data1\" content=\"2 minutes\" \/>\n<script type=\"application\/ld+json\" class=\"yoast-schema-graph\">{\"@context\":\"https:\\\/\\\/schema.org\",\"@graph\":[{\"@type\":\"WebPage\",\"@id\":\"https:\\\/\\\/dogtastic.ch\\\/pension-salon\\\/hundepension-dogtastic\\\/\",\"url\":\"https:\\\/\\\/dogtastic.ch\\\/pension-salon\\\/hundepension-dogtastic\\\/\",\"name\":\"Hundepension Dogtastic - Dogtastic\",\"isPartOf\":{\"@id\":\"https:\\\/\\\/dogtastic.ch\\\/#website\"},\"primaryImageOfPage\":{\"@id\":\"https:\\\/\\\/dogtastic.ch\\\/pension-salon\\\/hundepension-dogtastic\\\/#primaryimage\"},\"image\":{\"@id\":\"https:\\\/\\\/dogtastic.ch\\\/pension-salon\\\/hundepension-dogtastic\\\/#primaryimage\"},\"thumbnailUrl\":\"https:\\\/\\\/dogtastic.ch\\\/wp-content\\\/uploads\\\/2025\\\/04\\\/dogtastic-hunde-Tagesbetreuung-37.jpg\",\"datePublished\":\"2021-09-05T21:55:54+00:00\",\"dateModified\":\"2026-02-24T11:26:01+00:00\",\"breadcrumb\":{\"@id\":\"https:\\\/\\\/dogtastic.ch\\\/pension-salon\\\/hundepension-dogtastic\\\/#breadcrumb\"},\"inLanguage\":\"en-US\",\"potentialAction\":[{\"@type\":\"ReadAction\",\"target\":[\"https:\\\/\\\/dogtastic.ch\\\/pension-salon\\\/hundepension-dogtastic\\\/\"]}]},{\"@type\":\"ImageObject\",\"inLanguage\":\"en-US\",\"@id\":\"https:\\\/\\\/dogtastic.ch\\\/pension-salon\\\/hundepension-dogtastic\\\/#primaryimage\",\"url\":\"https:\\\/\\\/dogtastic.ch\\\/wp-content\\\/uploads\\\/2025\\\/04\\\/dogtastic-hunde-Tagesbetreuung-37.jpg\",\"contentUrl\":\"https:\\\/\\\/dogtastic.ch\\\/wp-content\\\/uploads\\\/2025\\\/04\\\/dogtastic-hunde-Tagesbetreuung-37.jpg\",\"width\":1920,\"height\":1440},{\"@type\":\"BreadcrumbList\",\"@id\":\"https:\\\/\\\/dogtastic.ch\\\/pension-salon\\\/hundepension-dogtastic\\\/#breadcrumb\",\"itemListElement\":[{\"@type\":\"ListItem\",\"position\":1,\"name\":\"Startseite\",\"item\":\"https:\\\/\\\/dogtastic.ch\\\/\"},{\"@type\":\"ListItem\",\"position\":2,\"name\":\"1. Pension + Spazierservice\",\"item\":\"https:\\\/\\\/dogtastic.ch\\\/pension-salon\\\/\"},{\"@type\":\"ListItem\",\"position\":3,\"name\":\"Hundepension Dogtastic\"}]},{\"@type\":\"WebSite\",\"@id\":\"https:\\\/\\\/dogtastic.ch\\\/#website\",\"url\":\"https:\\\/\\\/dogtastic.ch\\\/\",\"name\":\"Dogtastic\",\"description\":\"Tages- und Ferienpl\u00e4tze f\u00fcr Hunde\",\"publisher\":{\"@id\":\"https:\\\/\\\/dogtastic.ch\\\/#organization\"},\"alternateName\":\"Tages- & Ferienpl\u00e4tze f\u00fcr Hunde & Hundesalon in Grandsivaz - Montagny\",\"potentialAction\":[{\"@type\":\"SearchAction\",\"target\":{\"@type\":\"EntryPoint\",\"urlTemplate\":\"https:\\\/\\\/dogtastic.ch\\\/?s={search_term_string}\"},\"query-input\":{\"@type\":\"PropertyValueSpecification\",\"valueRequired\":true,\"valueName\":\"search_term_string\"}}],\"inLanguage\":\"en-US\"},{\"@type\":\"Organization\",\"@id\":\"https:\\\/\\\/dogtastic.ch\\\/#organization\",\"name\":\"Dogtastic\",\"url\":\"https:\\\/\\\/dogtastic.ch\\\/\",\"logo\":{\"@type\":\"ImageObject\",\"inLanguage\":\"en-US\",\"@id\":\"https:\\\/\\\/dogtastic.ch\\\/#\\\/schema\\\/logo\\\/image\\\/\",\"url\":\"https:\\\/\\\/dogtastic.ch\\\/wp-content\\\/uploads\\\/2025\\\/04\\\/Dogtastic-dark-768x408-1.png\",\"contentUrl\":\"https:\\\/\\\/dogtastic.ch\\\/wp-content\\\/uploads\\\/2025\\\/04\\\/Dogtastic-dark-768x408-1.png\",\"width\":768,\"height\":408,\"caption\":\"Dogtastic\"},\"image\":{\"@id\":\"https:\\\/\\\/dogtastic.ch\\\/#\\\/schema\\\/logo\\\/image\\\/\"},\"sameAs\":[\"https:\\\/\\\/www.facebook.com\\\/dogtastic.ch\",\"https:\\\/\\\/www.instagram.com\\\/dogtastic.ch\\\/\"]}]}<\/script>\n<!-- \/ Yoast SEO plugin. -->","yoast_head_json":{"title":"Hundepension Dogtastic - Dogtastic","robots":{"index":"index","follow":"follow","max-snippet":"max-snippet:-1","max-image-preview":"max-image-preview:large","max-video-preview":"max-video-preview:-1"},"canonical":"https:\/\/dogtastic.ch\/en\/pension-salon\/hundepension-dogtastic\/","og_locale":"en_US","og_type":"article","og_title":"Hundepension Dogtastic - Dogtastic","og_description":"Hundepension Dogtastic Professionelle Betreuung durch qualifizierte Hundetrainer Hier d\u00fcrfen Hunde Urlaub machen. M\u00fcssen Sie zur\u00fcck ins B\u00fcro und wissen nicht wohin mit Ihrem Hund? Fahren Sie in die Ferien und brauchen eine kompetente Betreuung f\u00fcr Ihren Liebling? Bei uns f\u00fchlen sich Hunde wie zu Hause. Sei es beim Spiel mit Artgenossen auf unserem 4000m2 eingez\u00e4unten [&hellip;]","og_url":"https:\/\/dogtastic.ch\/en\/pension-salon\/hundepension-dogtastic\/","og_site_name":"Dogtastic","article_publisher":"https:\/\/www.facebook.com\/dogtastic.ch","article_modified_time":"2026-02-24T11:26:01+00:00","og_image":[{"width":1920,"height":1440,"url":"https:\/\/dogtastic.ch\/wp-content\/uploads\/2025\/04\/dogtastic-hunde-Tagesbetreuung-37.jpg","type":"image\/jpeg"}],"twitter_card":"summary_large_image","twitter_misc":{"Est. reading time":"2 minutes"},"schema":{"@context":"https:\/\/schema.org","@graph":[{"@type":"WebPage","@id":"https:\/\/dogtastic.ch\/pension-salon\/hundepension-dogtastic\/","url":"https:\/\/dogtastic.ch\/pension-salon\/hundepension-dogtastic\/","name":"Hundepension Dogtastic - Dogtastic","isPartOf":{"@id":"https:\/\/dogtastic.ch\/#website"},"primaryImageOfPage":{"@id":"https:\/\/dogtastic.ch\/pension-salon\/hundepension-dogtastic\/#primaryimage"},"image":{"@id":"https:\/\/dogtastic.ch\/pension-salon\/hundepension-dogtastic\/#primaryimage"},"thumbnailUrl":"https:\/\/dogtastic.ch\/wp-content\/uploads\/2025\/04\/dogtastic-hunde-Tagesbetreuung-37.jpg","datePublished":"2021-09-05T21:55:54+00:00","dateModified":"2026-02-24T11:26:01+00:00","breadcrumb":{"@id":"https:\/\/dogtastic.ch\/pension-salon\/hundepension-dogtastic\/#breadcrumb"},"inLanguage":"en-US","potentialAction":[{"@type":"ReadAction","target":["https:\/\/dogtastic.ch\/pension-salon\/hundepension-dogtastic\/"]}]},{"@type":"ImageObject","inLanguage":"en-US","@id":"https:\/\/dogtastic.ch\/pension-salon\/hundepension-dogtastic\/#primaryimage","url":"https:\/\/dogtastic.ch\/wp-content\/uploads\/2025\/04\/dogtastic-hunde-Tagesbetreuung-37.jpg","contentUrl":"https:\/\/dogtastic.ch\/wp-content\/uploads\/2025\/04\/dogtastic-hunde-Tagesbetreuung-37.jpg","width":1920,"height":1440},{"@type":"BreadcrumbList","@id":"https:\/\/dogtastic.ch\/pension-salon\/hundepension-dogtastic\/#breadcrumb","itemListElement":[{"@type":"ListItem","position":1,"name":"Startseite","item":"https:\/\/dogtastic.ch\/"},{"@type":"ListItem","position":2,"name":"1. Pension + Spazierservice","item":"https:\/\/dogtastic.ch\/pension-salon\/"},{"@type":"ListItem","position":3,"name":"Hundepension Dogtastic"}]},{"@type":"WebSite","@id":"https:\/\/dogtastic.ch\/#website","url":"https:\/\/dogtastic.ch\/","name":"Dogtastic","description":"Day care and boarding for dogs","publisher":{"@id":"https:\/\/dogtastic.ch\/#organization"},"alternateName":"Tages- & Ferienpl\u00e4tze f\u00fcr Hunde & Hundesalon in Grandsivaz - Montagny","potentialAction":[{"@type":"SearchAction","target":{"@type":"EntryPoint","urlTemplate":"https:\/\/dogtastic.ch\/?s={search_term_string}"},"query-input":{"@type":"PropertyValueSpecification","valueRequired":true,"valueName":"search_term_string"}}],"inLanguage":"en-US"},{"@type":"Organization","@id":"https:\/\/dogtastic.ch\/#organization","name":"Dogtastic","url":"https:\/\/dogtastic.ch\/","logo":{"@type":"ImageObject","inLanguage":"en-US","@id":"https:\/\/dogtastic.ch\/#\/schema\/logo\/image\/","url":"https:\/\/dogtastic.ch\/wp-content\/uploads\/2025\/04\/Dogtastic-dark-768x408-1.png","contentUrl":"https:\/\/dogtastic.ch\/wp-content\/uploads\/2025\/04\/Dogtastic-dark-768x408-1.png","width":768,"height":408,"caption":"Dogtastic"},"image":{"@id":"https:\/\/dogtastic.ch\/#\/schema\/logo\/image\/"},"sameAs":["https:\/\/www.facebook.com\/dogtastic.ch","https:\/\/www.instagram.com\/dogtastic.ch\/"]}]}},"_links":{"self":[{"href":"https:\/\/dogtastic.ch\/en\/wp-json\/wp\/v2\/pages\/843","targetHints":{"allow":["GET"]}}],"collection":[{"href":"https:\/\/dogtastic.ch\/en\/wp-json\/wp\/v2\/pages"}],"about":[{"href":"https:\/\/dogtastic.ch\/en\/wp-json\/wp\/v2\/types\/page"}],"author":[{"embeddable":true,"href":"https:\/\/dogtastic.ch\/en\/wp-json\/wp\/v2\/users\/1"}],"replies":[{"embeddable":true,"href":"https:\/\/dogtastic.ch\/en\/wp-json\/wp\/v2\/comments?post=843"}],"version-history":[{"count":40,"href":"https:\/\/dogtastic.ch\/en\/wp-json\/wp\/v2\/pages\/843\/revisions"}],"predecessor-version":[{"id":5675,"href":"https:\/\/dogtastic.ch\/en\/wp-json\/wp\/v2\/pages\/843\/revisions\/5675"}],"up":[{"embeddable":true,"href":"https:\/\/dogtastic.ch\/en\/wp-json\/wp\/v2\/pages\/2576"}],"wp:featuredmedia":[{"embeddable":true,"href":"https:\/\/dogtastic.ch\/en\/wp-json\/wp\/v2\/media\/4038"}],"wp:attachment":[{"href":"https:\/\/dogtastic.ch\/en\/wp-json\/wp\/v2\/media?parent=843"}],"curies":[{"name":"wp","href":"https:\/\/api.w.org\/{rel}","templated":true}]}}