{"id":1780,"date":"2022-01-23T17:20:48","date_gmt":"2022-01-23T17:20:48","guid":{"rendered":"https:\/\/dogtastic.ch\/?page_id=1780"},"modified":"2026-01-28T13:34:55","modified_gmt":"2026-01-28T12:34:55","slug":"jobs","status":"publish","type":"page","link":"https:\/\/dogtastic.ch\/en\/pension-salon\/hundepension-kontakt\/jobs\/","title":{"rendered":"Jobs"},"content":{"rendered":"<div data-elementor-type=\"wp-page\" data-elementor-id=\"1780\" class=\"elementor elementor-1780\" data-elementor-post-type=\"page\">\n\t\t\t\t\t\t<section class=\"elementor-section elementor-top-section elementor-element elementor-element-b28ba7e elementor-section-height-min-height elementor-section-boxed elementor-section-height-default elementor-section-items-middle\" data-id=\"b28ba7e\" data-element_type=\"section\" data-e-type=\"section\">\n\t\t\t\t\t\t<div class=\"elementor-container elementor-column-gap-default\">\n\t\t\t\t\t<div class=\"elementor-column elementor-col-50 elementor-top-column elementor-element elementor-element-2b2dbbd9\" data-id=\"2b2dbbd9\" data-element_type=\"column\" data-e-type=\"column\">\n\t\t\t<div class=\"elementor-widget-wrap elementor-element-populated\">\n\t\t\t\t\t\t<div class=\"elementor-element elementor-element-cfb5985 elementor-widget elementor-widget-heading\" data-id=\"cfb5985\" data-element_type=\"widget\" data-e-type=\"widget\" data-widget_type=\"heading.default\">\n\t\t\t\t\t<h1 class=\"elementor-heading-title elementor-size-default\">Job offers<\/h1>\t\t\t\t<\/div>\n\t\t\t\t<div class=\"elementor-element elementor-element-1712bd8e elementor-widget elementor-widget-text-editor\" data-id=\"1712bd8e\" data-element_type=\"widget\" data-e-type=\"widget\" data-widget_type=\"text-editor.default\">\n\t\t\t\t\t\t\t\t\t<p>Join our team!<\/p>\t\t\t\t\t\t\t\t<\/div>\n\t\t\t\t\t<\/div>\n\t\t<\/div>\n\t\t\t\t<div class=\"elementor-column elementor-col-50 elementor-top-column elementor-element elementor-element-306aa6dc elementor-hidden-phone\" data-id=\"306aa6dc\" data-element_type=\"column\" data-e-type=\"column\">\n\t\t\t<div class=\"elementor-widget-wrap\">\n\t\t\t\t\t\t\t<\/div>\n\t\t<\/div>\n\t\t\t\t\t<\/div>\n\t\t<\/section>\n\t\t<div class=\"elementor-element elementor-element-f64db90 e-flex e-con-boxed e-con e-parent\" data-id=\"f64db90\" data-element_type=\"container\" data-e-type=\"container\">\n\t\t\t\t\t<div class=\"e-con-inner\">\n\t\t\t\t<div class=\"elementor-element elementor-element-f662ea8 elementor-widget elementor-widget-text-editor\" data-id=\"f662ea8\" data-element_type=\"widget\" data-e-type=\"widget\" data-widget_type=\"text-editor.default\">\n\t\t\t\t\t\t\t\t\t<p>Offene Postitionen:<\/p><ul><li><strong>Praktikumsstelle FBA Tierbetreuer:in<\/strong><\/li><\/ul><div><ul><li><strong>Tierpfleger:in EFZ 50%<\/strong><\/li><\/ul><\/div>\t\t\t\t\t\t\t\t<\/div>\n\t\t\t\t\t<\/div>\n\t\t\t\t<\/div>\n\t\t<div class=\"elementor-element elementor-element-42e9d9c e-flex e-con-boxed e-con e-parent\" data-id=\"42e9d9c\" data-element_type=\"container\" data-e-type=\"container\">\n\t\t\t\t\t<div class=\"e-con-inner\">\n\t\t\t\t<div class=\"elementor-element elementor-element-c44322e elementor-widget elementor-widget-heading\" data-id=\"c44322e\" data-element_type=\"widget\" data-e-type=\"widget\" data-widget_type=\"heading.default\">\n\t\t\t\t\t<h2 class=\"elementor-heading-title elementor-size-default\">\nWork experience FBA Dogs<\/h2>\t\t\t\t<\/div>\n\t\t\t\t\t<\/div>\n\t\t\t\t<\/div>\n\t\t<div class=\"elementor-element elementor-element-0437479 e-flex e-con-boxed e-con e-parent\" data-id=\"0437479\" data-element_type=\"container\" data-e-type=\"container\">\n\t\t\t\t\t<div class=\"e-con-inner\">\n\t\t\t\t<div class=\"elementor-element elementor-element-c12bade elementor-widget elementor-widget-text-editor\" data-id=\"c12bade\" data-element_type=\"widget\" data-e-type=\"widget\" data-widget_type=\"text-editor.default\">\n\t\t\t\t\t\t\t\t\t<p style=\"font-weight: 400;\">Du steckst mitten in deiner theoretischen Ausbildung zur \/zum FBA Tierbetreuer:in (Hund) \u2013 oder hast diese bereits abgeschlossen und brauchst jetzt noch den Praktikumsnachweis? Dann bist du bei uns genau richtig!<\/p><p style=\"font-weight: 400;\">Wir sind eine etablierte Hundepensionen in der Westschweiz, professionell gef\u00fchrt und dennoch famili\u00e4r im Umgang. F\u00fcr motivierte Praktikant:innen mit viel Herz f\u00fcr Hunde bieten wir fortlaufend Praktikumspl\u00e4tze mit offizieller Praktikumsbest\u00e4tigung an.<\/p><p style=\"font-weight: 400;\"><strong>Das erwartet dich bei uns:<\/strong><br \/>\ud83d\udc3e Betreuung, Pflege und F\u00fctterung unserer Pensions- und Tageshunde<br \/>\ud83d\udc3e Bewegung und Beaufsichtigung von Hundegruppen im Freilauf<br \/>\ud83d\udc3e Mitarbeit bei Reinigung und Hygiene in allen Bereichen<br \/>\ud83d\udc3e Einblick in organisatorische Abl\u00e4ufe einer Hundepension<br \/>\ud83d\udc3e Kundenkontakt &amp; Mithilfe bei An- und Abreisen<\/p><p style=\"font-weight: 400;\"><strong>Das bringst du mit:<\/strong><br \/>\u2714\ufe0f Theoretische Ausbildung zur \/zum FBA Tierbetreuer:in (Hund) abgeschlossen oder im <br \/>\u00a0\u00a0\u00a0\u00a0 Gange<br \/>\u2714\ufe0f Grosse Freude am Umgang mit Hunden und ein gutes Gesp\u00fcr f\u00fcr ihr Verhalten<br \/>\u2714\ufe0f Bereitschaft, mitanzupacken \u2013 auch wenn\u2019s mal wuselig wird<br \/>\u2714\ufe0f gute Franz\u00f6sischkenntnisse (mind. m\u00fcndlich), Deutschkenntnisse von Vorteil<br \/>\u2714\ufe0f Zuverl\u00e4ssigkeit, Teamgeist und Lernbereitschaft<\/p><p style=\"font-weight: 400;\"><strong>Was uns wichtig ist \u2013 und was wir dir bieten:<\/strong><br \/>Viele Institutionen und Pensionen lassen sich Praktikumspl\u00e4tze bezahlen \u2013 und versichern ihre Praktikant:innen nicht. Wir finden das unfair.<br \/>\ud83d\udc36 Bei uns ist das Praktikum kostenlos f\u00fcr dich \u2013 aber auch unbezahlt.<br \/>\ud83d\udc36 Daf\u00fcr bist du w\u00e4hrend deines gesamten Einsatzes vollumf\u00e4nglich gegen Berufsunf\u00e4lle <br \/>\u00a0\u00a0\u00a0\u00a0 versichert.<br \/>\ud83d\udc36 Du wirst von einem eingespielten, herzlichen Team begleitet<br \/>\ud83d\udc36 Du erh\u00e4ltst eine offizielle Praktikumsbest\u00e4tigung f\u00fcr dein Diplom<br \/>\ud83d\udc36 Nach Absprache und verf\u00fcgbaren Pl\u00e4tzen darfst du deinen eigenen Hund mitbringen<\/p><p style=\"font-weight: 400;\"><strong>Dauer &amp; Einsatzzeiten:<\/strong><br \/>Individuell vereinbar \u2013 mininum 4 Wochen, gerne l\u00e4nger. Einsatzzeiten von Montag bis Samstag m\u00f6glich. Wir w\u00fcrden dich gerne an mindestens 2 Tagen pro Woche einsetzen \u2013 ganztags oder halbtags m\u00f6glich.<\/p><p style=\"font-weight: 400;\"><strong>Bereit f\u00fcr deine Praxiserfahrung mit Pfotenabdruck?<\/strong><br \/>Dann freuen wir uns \u00fcber deine Bewerbung \u2013 ganz unkompliziert per Mail mit Lebenslauf und kurzem Motivationsschreiben.<\/p><p style=\"font-weight: 400;\">\ud83d\udc49 <a href=\"mailto:jobs@dogtastic.ch\" target=\"_blank\" rel=\"noopener\"><strong>Jetzt f\u00fcr ein Praktikum bewerben!<\/strong><\/a><\/p>\t\t\t\t\t\t\t\t<\/div>\n\t\t\t\t\t<\/div>\n\t\t\t\t<\/div>\n\t\t<div class=\"elementor-element elementor-element-d02221c e-flex e-con-boxed e-con e-parent\" data-id=\"d02221c\" data-element_type=\"container\" data-e-type=\"container\">\n\t\t\t\t\t<div class=\"e-con-inner\">\n\t\t\t\t<div class=\"elementor-element elementor-element-f8952e7 elementor-widget-divider--view-line elementor-widget elementor-widget-divider\" data-id=\"f8952e7\" data-element_type=\"widget\" data-e-type=\"widget\" data-widget_type=\"divider.default\">\n\t\t\t\t\t\t\t<div class=\"elementor-divider\">\n\t\t\t<span class=\"elementor-divider-separator\">\n\t\t\t\t\t\t<\/span>\n\t\t<\/div>\n\t\t\t\t\t\t<\/div>\n\t\t\t\t\t<\/div>\n\t\t\t\t<\/div>\n\t\t<div class=\"elementor-element elementor-element-4555ba0 e-flex e-con-boxed e-con e-parent\" data-id=\"4555ba0\" data-element_type=\"container\" data-e-type=\"container\">\n\t\t\t\t\t<div class=\"e-con-inner\">\n\t\t\t\t\t<\/div>\n\t\t\t\t<\/div>\n\t\t\t\t<\/div>","protected":false},"excerpt":{"rendered":"<p>Stellenangebote Wir suchen Verst\u00e4rkung Offene Postitionen: Praktikumsstelle FBA Tierbetreuer:in Tierpfleger:in EFZ 50% Praktikumsstelle FBA Tierbetreuer:in (Hund) Du steckst mitten in deiner theoretischen Ausbildung zur \/zum FBA Tierbetreuer:in (Hund) \u2013 oder hast diese bereits abgeschlossen und brauchst jetzt noch den Praktikumsnachweis? Dann bist du bei uns genau richtig! Wir sind eine etablierte Hundepensionen in der Westschweiz, [&hellip;]<\/p>\n","protected":false},"author":1,"featured_media":4745,"parent":468,"menu_order":0,"comment_status":"closed","ping_status":"closed","template":"","meta":{"footnotes":""},"class_list":["post-1780","page","type-page","status-publish","has-post-thumbnail","hentry"],"yoast_head":"<!-- This site is optimized with the Yoast SEO plugin v27.5 - https:\/\/yoast.com\/product\/yoast-seo-wordpress\/ -->\n<title>Jobs - Dogtastic<\/title>\n<meta name=\"robots\" content=\"index, follow, max-snippet:-1, max-image-preview:large, max-video-preview:-1\" \/>\n<link rel=\"canonical\" href=\"https:\/\/dogtastic.ch\/en\/pension-salon\/hundepension-kontakt\/jobs\/\" \/>\n<meta property=\"og:locale\" content=\"en_US\" \/>\n<meta property=\"og:type\" content=\"article\" \/>\n<meta property=\"og:title\" content=\"Jobs - Dogtastic\" \/>\n<meta property=\"og:description\" content=\"Stellenangebote Wir suchen Verst\u00e4rkung Offene Postitionen: Praktikumsstelle FBA Tierbetreuer:in Tierpfleger:in EFZ 50% Praktikumsstelle FBA Tierbetreuer:in (Hund) Du steckst mitten in deiner theoretischen Ausbildung zur \/zum FBA Tierbetreuer:in (Hund) \u2013 oder hast diese bereits abgeschlossen und brauchst jetzt noch den Praktikumsnachweis? Dann bist du bei uns genau richtig! Wir sind eine etablierte Hundepensionen in der Westschweiz, [&hellip;]\" \/>\n<meta property=\"og:url\" content=\"https:\/\/dogtastic.ch\/en\/pension-salon\/hundepension-kontakt\/jobs\/\" \/>\n<meta property=\"og:site_name\" content=\"Dogtastic\" \/>\n<meta property=\"article:publisher\" content=\"https:\/\/www.facebook.com\/dogtastic.ch\" \/>\n<meta property=\"article:modified_time\" content=\"2026-01-28T12:34:55+00:00\" \/>\n<meta property=\"og:image\" content=\"https:\/\/dogtastic.ch\/wp-content\/uploads\/2025\/04\/dogtastic-hunde-Tagesbetreuung-43-1.jpg\" \/>\n\t<meta property=\"og:image:width\" content=\"1920\" \/>\n\t<meta property=\"og:image:height\" content=\"1440\" \/>\n\t<meta property=\"og:image:type\" content=\"image\/jpeg\" \/>\n<meta name=\"twitter:card\" content=\"summary_large_image\" \/>\n<meta name=\"twitter:label1\" content=\"Est. reading time\" \/>\n\t<meta name=\"twitter:data1\" content=\"5 minutes\" \/>\n<script type=\"application\/ld+json\" class=\"yoast-schema-graph\">{\"@context\":\"https:\\\/\\\/schema.org\",\"@graph\":[{\"@type\":\"WebPage\",\"@id\":\"https:\\\/\\\/dogtastic.ch\\\/pension-salon\\\/hundepension-kontakt\\\/jobs\\\/\",\"url\":\"https:\\\/\\\/dogtastic.ch\\\/pension-salon\\\/hundepension-kontakt\\\/jobs\\\/\",\"name\":\"Jobs - Dogtastic\",\"isPartOf\":{\"@id\":\"https:\\\/\\\/dogtastic.ch\\\/#website\"},\"primaryImageOfPage\":{\"@id\":\"https:\\\/\\\/dogtastic.ch\\\/pension-salon\\\/hundepension-kontakt\\\/jobs\\\/#primaryimage\"},\"image\":{\"@id\":\"https:\\\/\\\/dogtastic.ch\\\/pension-salon\\\/hundepension-kontakt\\\/jobs\\\/#primaryimage\"},\"thumbnailUrl\":\"https:\\\/\\\/dogtastic.ch\\\/wp-content\\\/uploads\\\/2025\\\/04\\\/dogtastic-hunde-Tagesbetreuung-43-1.jpg\",\"datePublished\":\"2022-01-23T17:20:48+00:00\",\"dateModified\":\"2026-01-28T12:34:55+00:00\",\"breadcrumb\":{\"@id\":\"https:\\\/\\\/dogtastic.ch\\\/pension-salon\\\/hundepension-kontakt\\\/jobs\\\/#breadcrumb\"},\"inLanguage\":\"en-US\",\"potentialAction\":[{\"@type\":\"ReadAction\",\"target\":[\"https:\\\/\\\/dogtastic.ch\\\/pension-salon\\\/hundepension-kontakt\\\/jobs\\\/\"]}]},{\"@type\":\"ImageObject\",\"inLanguage\":\"en-US\",\"@id\":\"https:\\\/\\\/dogtastic.ch\\\/pension-salon\\\/hundepension-kontakt\\\/jobs\\\/#primaryimage\",\"url\":\"https:\\\/\\\/dogtastic.ch\\\/wp-content\\\/uploads\\\/2025\\\/04\\\/dogtastic-hunde-Tagesbetreuung-43-1.jpg\",\"contentUrl\":\"https:\\\/\\\/dogtastic.ch\\\/wp-content\\\/uploads\\\/2025\\\/04\\\/dogtastic-hunde-Tagesbetreuung-43-1.jpg\",\"width\":1920,\"height\":1440},{\"@type\":\"BreadcrumbList\",\"@id\":\"https:\\\/\\\/dogtastic.ch\\\/pension-salon\\\/hundepension-kontakt\\\/jobs\\\/#breadcrumb\",\"itemListElement\":[{\"@type\":\"ListItem\",\"position\":1,\"name\":\"Startseite\",\"item\":\"https:\\\/\\\/dogtastic.ch\\\/\"},{\"@type\":\"ListItem\",\"position\":2,\"name\":\"1. Pension + Spazierservice\",\"item\":\"https:\\\/\\\/dogtastic.ch\\\/pension-salon\\\/\"},{\"@type\":\"ListItem\",\"position\":3,\"name\":\"Kontakt\",\"item\":\"https:\\\/\\\/dogtastic.ch\\\/pension-salon\\\/hundepension-kontakt\\\/\"},{\"@type\":\"ListItem\",\"position\":4,\"name\":\"Jobs\"}]},{\"@type\":\"WebSite\",\"@id\":\"https:\\\/\\\/dogtastic.ch\\\/#website\",\"url\":\"https:\\\/\\\/dogtastic.ch\\\/\",\"name\":\"Dogtastic\",\"description\":\"Tages- und Ferienpl\u00e4tze f\u00fcr Hunde\",\"publisher\":{\"@id\":\"https:\\\/\\\/dogtastic.ch\\\/#organization\"},\"alternateName\":\"Tages- & Ferienpl\u00e4tze f\u00fcr Hunde & Hundesalon in Grandsivaz - Montagny\",\"potentialAction\":[{\"@type\":\"SearchAction\",\"target\":{\"@type\":\"EntryPoint\",\"urlTemplate\":\"https:\\\/\\\/dogtastic.ch\\\/?s={search_term_string}\"},\"query-input\":{\"@type\":\"PropertyValueSpecification\",\"valueRequired\":true,\"valueName\":\"search_term_string\"}}],\"inLanguage\":\"en-US\"},{\"@type\":\"Organization\",\"@id\":\"https:\\\/\\\/dogtastic.ch\\\/#organization\",\"name\":\"Dogtastic\",\"url\":\"https:\\\/\\\/dogtastic.ch\\\/\",\"logo\":{\"@type\":\"ImageObject\",\"inLanguage\":\"en-US\",\"@id\":\"https:\\\/\\\/dogtastic.ch\\\/#\\\/schema\\\/logo\\\/image\\\/\",\"url\":\"https:\\\/\\\/dogtastic.ch\\\/wp-content\\\/uploads\\\/2025\\\/04\\\/Dogtastic-dark-768x408-1.png\",\"contentUrl\":\"https:\\\/\\\/dogtastic.ch\\\/wp-content\\\/uploads\\\/2025\\\/04\\\/Dogtastic-dark-768x408-1.png\",\"width\":768,\"height\":408,\"caption\":\"Dogtastic\"},\"image\":{\"@id\":\"https:\\\/\\\/dogtastic.ch\\\/#\\\/schema\\\/logo\\\/image\\\/\"},\"sameAs\":[\"https:\\\/\\\/www.facebook.com\\\/dogtastic.ch\",\"https:\\\/\\\/www.instagram.com\\\/dogtastic.ch\\\/\"]}]}<\/script>\n<!-- \/ Yoast SEO plugin. -->","yoast_head_json":{"title":"Jobs - Dogtastic","robots":{"index":"index","follow":"follow","max-snippet":"max-snippet:-1","max-image-preview":"max-image-preview:large","max-video-preview":"max-video-preview:-1"},"canonical":"https:\/\/dogtastic.ch\/en\/pension-salon\/hundepension-kontakt\/jobs\/","og_locale":"en_US","og_type":"article","og_title":"Jobs - Dogtastic","og_description":"Stellenangebote Wir suchen Verst\u00e4rkung Offene Postitionen: Praktikumsstelle FBA Tierbetreuer:in Tierpfleger:in EFZ 50% Praktikumsstelle FBA Tierbetreuer:in (Hund) Du steckst mitten in deiner theoretischen Ausbildung zur \/zum FBA Tierbetreuer:in (Hund) \u2013 oder hast diese bereits abgeschlossen und brauchst jetzt noch den Praktikumsnachweis? Dann bist du bei uns genau richtig! Wir sind eine etablierte Hundepensionen in der Westschweiz, [&hellip;]","og_url":"https:\/\/dogtastic.ch\/en\/pension-salon\/hundepension-kontakt\/jobs\/","og_site_name":"Dogtastic","article_publisher":"https:\/\/www.facebook.com\/dogtastic.ch","article_modified_time":"2026-01-28T12:34:55+00:00","og_image":[{"width":1920,"height":1440,"url":"https:\/\/dogtastic.ch\/wp-content\/uploads\/2025\/04\/dogtastic-hunde-Tagesbetreuung-43-1.jpg","type":"image\/jpeg"}],"twitter_card":"summary_large_image","twitter_misc":{"Est. reading time":"5 minutes"},"schema":{"@context":"https:\/\/schema.org","@graph":[{"@type":"WebPage","@id":"https:\/\/dogtastic.ch\/pension-salon\/hundepension-kontakt\/jobs\/","url":"https:\/\/dogtastic.ch\/pension-salon\/hundepension-kontakt\/jobs\/","name":"Jobs - Dogtastic","isPartOf":{"@id":"https:\/\/dogtastic.ch\/#website"},"primaryImageOfPage":{"@id":"https:\/\/dogtastic.ch\/pension-salon\/hundepension-kontakt\/jobs\/#primaryimage"},"image":{"@id":"https:\/\/dogtastic.ch\/pension-salon\/hundepension-kontakt\/jobs\/#primaryimage"},"thumbnailUrl":"https:\/\/dogtastic.ch\/wp-content\/uploads\/2025\/04\/dogtastic-hunde-Tagesbetreuung-43-1.jpg","datePublished":"2022-01-23T17:20:48+00:00","dateModified":"2026-01-28T12:34:55+00:00","breadcrumb":{"@id":"https:\/\/dogtastic.ch\/pension-salon\/hundepension-kontakt\/jobs\/#breadcrumb"},"inLanguage":"en-US","potentialAction":[{"@type":"ReadAction","target":["https:\/\/dogtastic.ch\/pension-salon\/hundepension-kontakt\/jobs\/"]}]},{"@type":"ImageObject","inLanguage":"en-US","@id":"https:\/\/dogtastic.ch\/pension-salon\/hundepension-kontakt\/jobs\/#primaryimage","url":"https:\/\/dogtastic.ch\/wp-content\/uploads\/2025\/04\/dogtastic-hunde-Tagesbetreuung-43-1.jpg","contentUrl":"https:\/\/dogtastic.ch\/wp-content\/uploads\/2025\/04\/dogtastic-hunde-Tagesbetreuung-43-1.jpg","width":1920,"height":1440},{"@type":"BreadcrumbList","@id":"https:\/\/dogtastic.ch\/pension-salon\/hundepension-kontakt\/jobs\/#breadcrumb","itemListElement":[{"@type":"ListItem","position":1,"name":"Startseite","item":"https:\/\/dogtastic.ch\/"},{"@type":"ListItem","position":2,"name":"1. Pension + Spazierservice","item":"https:\/\/dogtastic.ch\/pension-salon\/"},{"@type":"ListItem","position":3,"name":"Kontakt","item":"https:\/\/dogtastic.ch\/pension-salon\/hundepension-kontakt\/"},{"@type":"ListItem","position":4,"name":"Jobs"}]},{"@type":"WebSite","@id":"https:\/\/dogtastic.ch\/#website","url":"https:\/\/dogtastic.ch\/","name":"Dogtastic","description":"Day care and boarding for dogs","publisher":{"@id":"https:\/\/dogtastic.ch\/#organization"},"alternateName":"Tages- & Ferienpl\u00e4tze f\u00fcr Hunde & Hundesalon in Grandsivaz - Montagny","potentialAction":[{"@type":"SearchAction","target":{"@type":"EntryPoint","urlTemplate":"https:\/\/dogtastic.ch\/?s={search_term_string}"},"query-input":{"@type":"PropertyValueSpecification","valueRequired":true,"valueName":"search_term_string"}}],"inLanguage":"en-US"},{"@type":"Organization","@id":"https:\/\/dogtastic.ch\/#organization","name":"Dogtastic","url":"https:\/\/dogtastic.ch\/","logo":{"@type":"ImageObject","inLanguage":"en-US","@id":"https:\/\/dogtastic.ch\/#\/schema\/logo\/image\/","url":"https:\/\/dogtastic.ch\/wp-content\/uploads\/2025\/04\/Dogtastic-dark-768x408-1.png","contentUrl":"https:\/\/dogtastic.ch\/wp-content\/uploads\/2025\/04\/Dogtastic-dark-768x408-1.png","width":768,"height":408,"caption":"Dogtastic"},"image":{"@id":"https:\/\/dogtastic.ch\/#\/schema\/logo\/image\/"},"sameAs":["https:\/\/www.facebook.com\/dogtastic.ch","https:\/\/www.instagram.com\/dogtastic.ch\/"]}]}},"_links":{"self":[{"href":"https:\/\/dogtastic.ch\/en\/wp-json\/wp\/v2\/pages\/1780","targetHints":{"allow":["GET"]}}],"collection":[{"href":"https:\/\/dogtastic.ch\/en\/wp-json\/wp\/v2\/pages"}],"about":[{"href":"https:\/\/dogtastic.ch\/en\/wp-json\/wp\/v2\/types\/page"}],"author":[{"embeddable":true,"href":"https:\/\/dogtastic.ch\/en\/wp-json\/wp\/v2\/users\/1"}],"replies":[{"embeddable":true,"href":"https:\/\/dogtastic.ch\/en\/wp-json\/wp\/v2\/comments?post=1780"}],"version-history":[{"count":34,"href":"https:\/\/dogtastic.ch\/en\/wp-json\/wp\/v2\/pages\/1780\/revisions"}],"predecessor-version":[{"id":5367,"href":"https:\/\/dogtastic.ch\/en\/wp-json\/wp\/v2\/pages\/1780\/revisions\/5367"}],"up":[{"embeddable":true,"href":"https:\/\/dogtastic.ch\/en\/wp-json\/wp\/v2\/pages\/468"}],"wp:featuredmedia":[{"embeddable":true,"href":"https:\/\/dogtastic.ch\/en\/wp-json\/wp\/v2\/media\/4745"}],"wp:attachment":[{"href":"https:\/\/dogtastic.ch\/en\/wp-json\/wp\/v2\/media?parent=1780"}],"curies":[{"name":"wp","href":"https:\/\/api.w.org\/{rel}","templated":true}]}}